{"id":9526,"date":"2025-08-05T09:45:17","date_gmt":"2025-08-05T09:45:17","guid":{"rendered":"https:\/\/earmuffz.com\/product\/aventure-classique\/"},"modified":"2026-01-21T10:18:34","modified_gmt":"2026-01-21T10:18:34","slug":"aventure-classique","status":"publish","type":"product","link":"https:\/\/earmuffz.com\/fr\/produit\/aventure-classique\/","title":{"rendered":"Classic Adventure"},"content":{"rendered":"<p class=\"ai-optimize-30 ai-optimize-introduction\"><strong>\u00c9coutez sans vous couper du monde<\/strong><br \/>\nTrouvez le calme dans le chaos avec les bouchons d&rsquo;oreille Earmuffz Adventure, votre solution id\u00e9ale pour des conversations plus claires et moins de bruit de fond.<br \/>\nQue vous soyez en d\u00e9placement, au travail ou en train de discuter avec des amis.<\/p>\n<p class=\"ai-optimize-30 ai-optimize-introduction\"><strong>\u25cf Filtrage \u00e9quilibr\u00e9 du bruit<\/strong><br \/>\nR\u00e9duit le bruit ambiant de 19 dB (SNR) pour t&rsquo;aider \u00e0 rester concentr\u00e9 sans te sentir isol\u00e9.<\/p>\n<p class=\"ai-optimize-32\"><strong>\u25cf La parole reste naturelle<\/strong><br \/>\nCon\u00e7u pour r\u00e9duire le bruit sans d\u00e9former les voix ou cr\u00e9er la sensation d&rsquo;\u00ab oreilles bouch\u00e9es \u00bb.<\/p>\n<p class=\"ai-optimize-33\"><strong>\u25cf Options d&rsquo;ajustement parfait<\/strong><br \/>\nInclut 4 tailles d&#8217;embouts am\u00e9lior\u00e9es pour s&rsquo;adapter confortablement \u00e0 tes oreilles, m\u00eame les plus petites.<\/p>\n<p class=\"ai-optimize-34\"><strong>\u25cf Con\u00e7u pour durer<\/strong><br \/>\nDurable, r\u00e9utilisable et facile \u00e0 nettoyer pour un usage quotidien.<\/p>\n<p class=\"ai-optimize-35\">\u25cf <strong>Rangement nomade<\/strong><br \/>\nLivr\u00e9 avec un \u00e9tui de transport compact pour garder tes bouchons d&rsquo;oreilles en s\u00e9curit\u00e9 o\u00f9 que tu sois.<\/p>\n<p class=\"ai-optimize-36\">\u25cf <strong>Protection certifi\u00e9e<\/strong><br \/>\nAide \u00e0 prot\u00e9ger ton audition des bruits nocifs sans te couper du monde.<br \/>\nBloque le bruit, pas ton confort.<\/p>\n","protected":false},"excerpt":{"rendered":"<p class=\"ai-optimize-37 ai-optimize-introduction\">Trouve le calme dans le chaos avec les bouchons d&rsquo;oreilles Earmuffz, ta solution de r\u00e9f\u00e9rence pour des conversations plus claires et moins de bruit de fond, que tu sois en d\u00e9placement, au travail, ou en train de rattraper le temps avec des amis.<\/p>\n","protected":false},"featured_media":20556,"comment_status":"open","ping_status":"closed","template":"","meta":{"site-sidebar-layout":"default","site-content-layout":"","ast-site-content-layout":"default","site-content-style":"default","site-sidebar-style":"default","ast-global-header-display":"","ast-banner-title-visibility":"","ast-main-header-display":"","ast-hfb-above-header-display":"","ast-hfb-below-header-display":"","ast-hfb-mobile-header-display":"","site-post-title":"","ast-breadcrumbs-content":"","ast-featured-img":"","footer-sml-layout":"","ast-disable-related-posts":"","theme-transparent-header-meta":"default","adv-header-id-meta":"","stick-header-meta":"default","header-above-stick-meta":"","header-main-stick-meta":"","header-below-stick-meta":"","astra-migrate-meta-layouts":"set","ast-page-background-enabled":"default","ast-page-background-meta":{"desktop":{"background-color":"var(--ast-global-color-5)","background-image":"","background-repeat":"repeat","background-position":"center center","background-size":"auto","background-attachment":"scroll","background-type":"","background-media":"","overlay-type":"","overlay-color":"","overlay-opacity":"","overlay-gradient":""},"tablet":{"background-color":"","background-image":"","background-repeat":"repeat","background-position":"center center","background-size":"auto","background-attachment":"scroll","background-type":"","background-media":"","overlay-type":"","overlay-color":"","overlay-opacity":"","overlay-gradient":""},"mobile":{"background-color":"","background-image":"","background-repeat":"repeat","background-position":"center center","background-size":"auto","background-attachment":"scroll","background-type":"","background-media":"","overlay-type":"","overlay-color":"","overlay-opacity":"","overlay-gradient":""}},"ast-content-background-meta":{"desktop":{"background-color":"var(--ast-global-color-4)","background-image":"","background-repeat":"repeat","background-position":"center center","background-size":"auto","background-attachment":"scroll","background-type":"","background-media":"","overlay-type":"","overlay-color":"","overlay-opacity":"","overlay-gradient":""},"tablet":{"background-color":"var(--ast-global-color-4)","background-image":"","background-repeat":"repeat","background-position":"center center","background-size":"auto","background-attachment":"scroll","background-type":"","background-media":"","overlay-type":"","overlay-color":"","overlay-opacity":"","overlay-gradient":""},"mobile":{"background-color":"var(--ast-global-color-4)","background-image":"","background-repeat":"repeat","background-position":"center center","background-size":"auto","background-attachment":"scroll","background-type":"","background-media":"","overlay-type":"","overlay-color":"","overlay-opacity":"","overlay-gradient":""}}},"product_brand":[],"product_cat":[361,367],"product_tag":[],"class_list":{"0":"post-9526","1":"product","2":"type-product","3":"status-publish","4":"has-post-thumbnail","6":"product_cat-adventure","7":"product_cat-classic","8":"desktop-align-center","9":"tablet-align-left","10":"mobile-align-left","11":"ast-product-gallery-layout-horizontal-slider","12":"ast-product-gallery-with-no-image","13":"ast-product-single-variable","14":"ast-product-tabs-layout-horizontal","16":"first","17":"instock","18":"taxable","19":"shipping-taxable","20":"purchasable","21":"product-type-variable","22":"has-default-attributes"},"gallery_images":[],"yoast_head":"<!-- This site is optimized with the Yoast SEO Premium plugin v25.2 (Yoast SEO v27.4) - https:\/\/yoast.com\/product\/yoast-seo-premium-wordpress\/ -->\n<title>Classic Adventure - Earmuffz<\/title>\n<meta name=\"robots\" content=\"index, follow, max-snippet:-1, max-image-preview:large, max-video-preview:-1\" \/>\n<link rel=\"canonical\" href=\"https:\/\/earmuffz.com\/fr\/produit\/aventure-classique\/\" \/>\n<meta property=\"og:locale\" content=\"fr_FR\" \/>\n<meta property=\"og:type\" content=\"article\" \/>\n<meta property=\"og:title\" content=\"Classic Adventure\" \/>\n<meta property=\"og:description\" content=\"Trouve le calme dans le chaos avec les bouchons d&#039;oreilles Earmuffz, ta solution de r\u00e9f\u00e9rence pour des conversations plus claires et moins de bruit de fond, que tu sois en d\u00e9placement, au travail, ou en train de rattraper le temps avec des amis.\" \/>\n<meta property=\"og:url\" content=\"https:\/\/earmuffz.com\/fr\/produit\/aventure-classique\/\" \/>\n<meta property=\"og:site_name\" content=\"Earmuffz\" \/>\n<meta property=\"article:modified_time\" content=\"2026-01-21T10:18:34+00:00\" \/>\n<meta property=\"og:image\" content=\"https:\/\/earmuffz.com\/wp-content\/uploads\/2026\/01\/Adventure-Advanced_Brass_001-1024x1024-1-1.webp\" \/>\n\t<meta property=\"og:image:width\" content=\"2500\" \/>\n\t<meta property=\"og:image:height\" content=\"2500\" \/>\n\t<meta property=\"og:image:type\" content=\"image\/webp\" \/>\n<meta name=\"twitter:card\" content=\"summary_large_image\" \/>\n<meta name=\"twitter:label1\" content=\"Dur\u00e9e de lecture estim\u00e9e\" \/>\n\t<meta name=\"twitter:data1\" content=\"1 minute\" \/>\n<script type=\"application\/ld+json\" class=\"yoast-schema-graph\">{\"@context\":\"https:\\\/\\\/schema.org\",\"@graph\":[{\"@type\":\"WebPage\",\"@id\":\"https:\\\/\\\/earmuffz.com\\\/fr\\\/produit\\\/aventure-classique\\\/\",\"url\":\"https:\\\/\\\/earmuffz.com\\\/fr\\\/produit\\\/aventure-classique\\\/\",\"name\":\"Classic Adventure - Earmuffz\",\"isPartOf\":{\"@id\":\"https:\\\/\\\/earmuffz.com\\\/#website\"},\"primaryImageOfPage\":{\"@id\":\"https:\\\/\\\/earmuffz.com\\\/fr\\\/produit\\\/aventure-classique\\\/#primaryimage\"},\"image\":{\"@id\":\"https:\\\/\\\/earmuffz.com\\\/fr\\\/produit\\\/aventure-classique\\\/#primaryimage\"},\"thumbnailUrl\":\"https:\\\/\\\/earmuffz.com\\\/wp-content\\\/uploads\\\/2026\\\/01\\\/Adventure-Advanced_Brass_001-1024x1024-1-1.webp\",\"datePublished\":\"2025-08-05T09:45:17+00:00\",\"dateModified\":\"2026-01-21T10:18:34+00:00\",\"breadcrumb\":{\"@id\":\"https:\\\/\\\/earmuffz.com\\\/fr\\\/produit\\\/aventure-classique\\\/#breadcrumb\"},\"inLanguage\":\"fr-FR\",\"potentialAction\":[{\"@type\":\"ReadAction\",\"target\":[\"https:\\\/\\\/earmuffz.com\\\/fr\\\/produit\\\/aventure-classique\\\/\"]}]},{\"@type\":\"ImageObject\",\"inLanguage\":\"fr-FR\",\"@id\":\"https:\\\/\\\/earmuffz.com\\\/fr\\\/produit\\\/aventure-classique\\\/#primaryimage\",\"url\":\"https:\\\/\\\/earmuffz.com\\\/wp-content\\\/uploads\\\/2026\\\/01\\\/Adventure-Advanced_Brass_001-1024x1024-1-1.webp\",\"contentUrl\":\"https:\\\/\\\/earmuffz.com\\\/wp-content\\\/uploads\\\/2026\\\/01\\\/Adventure-Advanced_Brass_001-1024x1024-1-1.webp\",\"width\":2500,\"height\":2500},{\"@type\":\"BreadcrumbList\",\"@id\":\"https:\\\/\\\/earmuffz.com\\\/fr\\\/produit\\\/aventure-classique\\\/#breadcrumb\",\"itemListElement\":[{\"@type\":\"ListItem\",\"position\":1,\"name\":\"Accueil\",\"item\":\"https:\\\/\\\/earmuffz.com\\\/fr\\\/\"},{\"@type\":\"ListItem\",\"position\":2,\"name\":\"Products\",\"item\":\"https:\\\/\\\/earmuffz.com\\\/shop__trashed\\\/\"},{\"@type\":\"ListItem\",\"position\":3,\"name\":\"Classic Adventure\"}]},{\"@type\":\"WebSite\",\"@id\":\"https:\\\/\\\/earmuffz.com\\\/#website\",\"url\":\"https:\\\/\\\/earmuffz.com\\\/\",\"name\":\"Earmuffz\",\"description\":\"Hearing for life\",\"publisher\":{\"@id\":\"https:\\\/\\\/earmuffz.com\\\/#organization\"},\"potentialAction\":[{\"@type\":\"SearchAction\",\"target\":{\"@type\":\"EntryPoint\",\"urlTemplate\":\"https:\\\/\\\/earmuffz.com\\\/?s={search_term_string}\"},\"query-input\":{\"@type\":\"PropertyValueSpecification\",\"valueRequired\":true,\"valueName\":\"search_term_string\"}}],\"inLanguage\":\"fr-FR\"},{\"@type\":\"Organization\",\"@id\":\"https:\\\/\\\/earmuffz.com\\\/#organization\",\"name\":\"Earmuffz\",\"url\":\"https:\\\/\\\/earmuffz.com\\\/\",\"logo\":{\"@type\":\"ImageObject\",\"inLanguage\":\"fr-FR\",\"@id\":\"https:\\\/\\\/earmuffz.com\\\/#\\\/schema\\\/logo\\\/image\\\/\",\"url\":\"https:\\\/\\\/earmuffz.com\\\/wp-content\\\/uploads\\\/2025\\\/08\\\/Earmuffz-Earplugs-Logo.png\",\"contentUrl\":\"https:\\\/\\\/earmuffz.com\\\/wp-content\\\/uploads\\\/2025\\\/08\\\/Earmuffz-Earplugs-Logo.png\",\"width\":467,\"height\":150,\"caption\":\"Earmuffz\"},\"image\":{\"@id\":\"https:\\\/\\\/earmuffz.com\\\/#\\\/schema\\\/logo\\\/image\\\/\"}}]}<\/script>\n<!-- \/ Yoast SEO Premium plugin. -->","yoast_head_json":{"title":"Classic Adventure - Earmuffz","robots":{"index":"index","follow":"follow","max-snippet":"max-snippet:-1","max-image-preview":"max-image-preview:large","max-video-preview":"max-video-preview:-1"},"canonical":"https:\/\/earmuffz.com\/fr\/produit\/aventure-classique\/","og_locale":"fr_FR","og_type":"article","og_title":"Classic Adventure","og_description":"Trouve le calme dans le chaos avec les bouchons d'oreilles Earmuffz, ta solution de r\u00e9f\u00e9rence pour des conversations plus claires et moins de bruit de fond, que tu sois en d\u00e9placement, au travail, ou en train de rattraper le temps avec des amis.","og_url":"https:\/\/earmuffz.com\/fr\/produit\/aventure-classique\/","og_site_name":"Earmuffz","article_modified_time":"2026-01-21T10:18:34+00:00","og_image":[{"width":2500,"height":2500,"url":"https:\/\/earmuffz.com\/wp-content\/uploads\/2026\/01\/Adventure-Advanced_Brass_001-1024x1024-1-1.webp","type":"image\/webp"}],"twitter_card":"summary_large_image","twitter_misc":{"Dur\u00e9e de lecture estim\u00e9e":"1 minute"},"schema":{"@context":"https:\/\/schema.org","@graph":[{"@type":"WebPage","@id":"https:\/\/earmuffz.com\/fr\/produit\/aventure-classique\/","url":"https:\/\/earmuffz.com\/fr\/produit\/aventure-classique\/","name":"Classic Adventure - Earmuffz","isPartOf":{"@id":"https:\/\/earmuffz.com\/#website"},"primaryImageOfPage":{"@id":"https:\/\/earmuffz.com\/fr\/produit\/aventure-classique\/#primaryimage"},"image":{"@id":"https:\/\/earmuffz.com\/fr\/produit\/aventure-classique\/#primaryimage"},"thumbnailUrl":"https:\/\/earmuffz.com\/wp-content\/uploads\/2026\/01\/Adventure-Advanced_Brass_001-1024x1024-1-1.webp","datePublished":"2025-08-05T09:45:17+00:00","dateModified":"2026-01-21T10:18:34+00:00","breadcrumb":{"@id":"https:\/\/earmuffz.com\/fr\/produit\/aventure-classique\/#breadcrumb"},"inLanguage":"fr-FR","potentialAction":[{"@type":"ReadAction","target":["https:\/\/earmuffz.com\/fr\/produit\/aventure-classique\/"]}]},{"@type":"ImageObject","inLanguage":"fr-FR","@id":"https:\/\/earmuffz.com\/fr\/produit\/aventure-classique\/#primaryimage","url":"https:\/\/earmuffz.com\/wp-content\/uploads\/2026\/01\/Adventure-Advanced_Brass_001-1024x1024-1-1.webp","contentUrl":"https:\/\/earmuffz.com\/wp-content\/uploads\/2026\/01\/Adventure-Advanced_Brass_001-1024x1024-1-1.webp","width":2500,"height":2500},{"@type":"BreadcrumbList","@id":"https:\/\/earmuffz.com\/fr\/produit\/aventure-classique\/#breadcrumb","itemListElement":[{"@type":"ListItem","position":1,"name":"Accueil","item":"https:\/\/earmuffz.com\/fr\/"},{"@type":"ListItem","position":2,"name":"Products","item":"https:\/\/earmuffz.com\/shop__trashed\/"},{"@type":"ListItem","position":3,"name":"Classic Adventure"}]},{"@type":"WebSite","@id":"https:\/\/earmuffz.com\/#website","url":"https:\/\/earmuffz.com\/","name":"Earmuffz","description":"Hearing for life","publisher":{"@id":"https:\/\/earmuffz.com\/#organization"},"potentialAction":[{"@type":"SearchAction","target":{"@type":"EntryPoint","urlTemplate":"https:\/\/earmuffz.com\/?s={search_term_string}"},"query-input":{"@type":"PropertyValueSpecification","valueRequired":true,"valueName":"search_term_string"}}],"inLanguage":"fr-FR"},{"@type":"Organization","@id":"https:\/\/earmuffz.com\/#organization","name":"Earmuffz","url":"https:\/\/earmuffz.com\/","logo":{"@type":"ImageObject","inLanguage":"fr-FR","@id":"https:\/\/earmuffz.com\/#\/schema\/logo\/image\/","url":"https:\/\/earmuffz.com\/wp-content\/uploads\/2025\/08\/Earmuffz-Earplugs-Logo.png","contentUrl":"https:\/\/earmuffz.com\/wp-content\/uploads\/2025\/08\/Earmuffz-Earplugs-Logo.png","width":467,"height":150,"caption":"Earmuffz"},"image":{"@id":"https:\/\/earmuffz.com\/#\/schema\/logo\/image\/"}}]}},"_links":{"self":[{"href":"https:\/\/earmuffz.com\/fr\/wp-json\/wp\/v2\/product\/9526","targetHints":{"allow":["GET"]}}],"collection":[{"href":"https:\/\/earmuffz.com\/fr\/wp-json\/wp\/v2\/product"}],"about":[{"href":"https:\/\/earmuffz.com\/fr\/wp-json\/wp\/v2\/types\/product"}],"replies":[{"embeddable":true,"href":"https:\/\/earmuffz.com\/fr\/wp-json\/wp\/v2\/comments?post=9526"}],"wp:featuredmedia":[{"embeddable":true,"href":"https:\/\/earmuffz.com\/fr\/wp-json\/wp\/v2\/media\/20556"}],"wp:attachment":[{"href":"https:\/\/earmuffz.com\/fr\/wp-json\/wp\/v2\/media?parent=9526"}],"wp:term":[{"taxonomy":"product_brand","embeddable":true,"href":"https:\/\/earmuffz.com\/fr\/wp-json\/wp\/v2\/product_brand?post=9526"},{"taxonomy":"product_cat","embeddable":true,"href":"https:\/\/earmuffz.com\/fr\/wp-json\/wp\/v2\/product_cat?post=9526"},{"taxonomy":"product_tag","embeddable":true,"href":"https:\/\/earmuffz.com\/fr\/wp-json\/wp\/v2\/product_tag?post=9526"}],"curies":[{"name":"wp","href":"https:\/\/api.w.org\/{rel}","templated":true}]}}