{"id":8880,"date":"2025-10-29T06:58:00","date_gmt":"2025-10-29T06:58:00","guid":{"rendered":"https:\/\/earmuffz.com\/product\/cordon-de-cou\/"},"modified":"2026-01-21T09:01:24","modified_gmt":"2026-01-21T09:01:24","slug":"cordon-de-cou","status":"publish","type":"product","link":"https:\/\/earmuffz.com\/fr\/produit\/cordon-de-cou\/","title":{"rendered":"Neck Strap"},"content":{"rendered":"<p class=\"ai-optimize-42 ai-optimize-introduction\"><strong>Garde tes bouchons d&rsquo;oreilles \u00e0 port\u00e9e de main, o\u00f9 que la vie t&#8217;emm\u00e8ne<\/strong><br \/>\nNe perds plus jamais tes bouchons d&rsquo;oreilles. Le cordon de cou Earmuffz les garde en s\u00e9curit\u00e9, accessibles et pr\u00eats \u00e0 l&#8217;emploi quand tu en as besoin, parfait pour les voyages, le travail ou l&rsquo;utilisation quotidienne.<\/p>\n<p><strong>Connexion magn\u00e9tique s\u00e9curis\u00e9e<\/strong><br \/>\nCon\u00e7u avec des extr\u00e9mit\u00e9s magn\u00e9tiques puissantes qui s&rsquo;assemblent sans effort autour de ton cou, offrant une prise stable et sans enchev\u00eatrement qui reste en place pendant que tu bouges.<\/p>\n<p><strong>Confort l\u00e9ger<\/strong><br \/>\nFabriqu\u00e9 \u00e0 partir de mat\u00e9riaux souples et flexibles con\u00e7us pour \u00eatre port\u00e9s toute la journ\u00e9e, te donnant libert\u00e9 et confort sans distraction.<\/p>\n<p><strong>Conception ax\u00e9e sur la s\u00e9curit\u00e9<\/strong><br \/>\n\u00c9quip\u00e9 de connecteurs en silicone magn\u00e9tiques qui se d\u00e9tachent sous tension pour \u00e9viter les risques d&rsquo;\u00e9tranglement, assurant \u00e0 la fois confort et tranquillit\u00e9 d&rsquo;esprit.<\/p>\n<p><strong>Con\u00e7u pour la vie quotidienne<\/strong><br \/>\nDurable, fiable et facile \u00e0 utiliser, le cordon de cou Earmuffz est le compagnon parfait pour garder tes bouchons d&rsquo;oreilles en s\u00e9curit\u00e9, propres et toujours \u00e0 port\u00e9e de main.<\/p>\n","protected":false},"excerpt":{"rendered":"<p>Garde tes bouchons d&rsquo;oreilles \u00e0 port\u00e9e de main, o\u00f9 que la vie t&#8217;emm\u00e8ne Ne perds plus jamais tes bouchons d&rsquo;oreilles. [&hellip;]<\/p>\n","protected":false},"featured_media":17726,"comment_status":"open","ping_status":"closed","template":"","meta":{"site-sidebar-layout":"default","site-content-layout":"","ast-site-content-layout":"default","site-content-style":"default","site-sidebar-style":"default","ast-global-header-display":"","ast-banner-title-visibility":"","ast-main-header-display":"","ast-hfb-above-header-display":"","ast-hfb-below-header-display":"","ast-hfb-mobile-header-display":"","site-post-title":"","ast-breadcrumbs-content":"","ast-featured-img":"","footer-sml-layout":"","ast-disable-related-posts":"","theme-transparent-header-meta":"default","adv-header-id-meta":"","stick-header-meta":"","header-above-stick-meta":"","header-main-stick-meta":"","header-below-stick-meta":"","astra-migrate-meta-layouts":"set","ast-page-background-enabled":"default","ast-page-background-meta":{"desktop":{"background-color":"var(--ast-global-color-5)","background-image":"","background-repeat":"repeat","background-position":"center center","background-size":"auto","background-attachment":"scroll","background-type":"","background-media":"","overlay-type":"","overlay-color":"","overlay-opacity":"","overlay-gradient":""},"tablet":{"background-color":"","background-image":"","background-repeat":"repeat","background-position":"center center","background-size":"auto","background-attachment":"scroll","background-type":"","background-media":"","overlay-type":"","overlay-color":"","overlay-opacity":"","overlay-gradient":""},"mobile":{"background-color":"","background-image":"","background-repeat":"repeat","background-position":"center center","background-size":"auto","background-attachment":"scroll","background-type":"","background-media":"","overlay-type":"","overlay-color":"","overlay-opacity":"","overlay-gradient":""}},"ast-content-background-meta":{"desktop":{"background-color":"var(--ast-global-color-4)","background-image":"","background-repeat":"repeat","background-position":"center center","background-size":"auto","background-attachment":"scroll","background-type":"","background-media":"","overlay-type":"","overlay-color":"","overlay-opacity":"","overlay-gradient":""},"tablet":{"background-color":"var(--ast-global-color-4)","background-image":"","background-repeat":"repeat","background-position":"center center","background-size":"auto","background-attachment":"scroll","background-type":"","background-media":"","overlay-type":"","overlay-color":"","overlay-opacity":"","overlay-gradient":""},"mobile":{"background-color":"var(--ast-global-color-4)","background-image":"","background-repeat":"repeat","background-position":"center center","background-size":"auto","background-attachment":"scroll","background-type":"","background-media":"","overlay-type":"","overlay-color":"","overlay-opacity":"","overlay-gradient":""}}},"product_brand":[],"product_cat":[339,340],"product_tag":[],"class_list":{"0":"post-8880","1":"product","2":"type-product","3":"status-publish","4":"has-post-thumbnail","6":"product_cat-accessories","7":"product_cat-neck-strap","8":"desktop-align-center","9":"tablet-align-left","10":"mobile-align-left","11":"ast-product-gallery-layout-horizontal-slider","12":"ast-product-tabs-layout-horizontal","14":"first","15":"outofstock","16":"taxable","17":"shipping-taxable","18":"purchasable","19":"product-type-simple"},"gallery_images":[17718],"yoast_head":"<!-- This site is optimized with the Yoast SEO Premium plugin v25.2 (Yoast SEO v27.4) - https:\/\/yoast.com\/product\/yoast-seo-premium-wordpress\/ -->\n<title>Neck Strap - Earmuffz<\/title>\n<meta name=\"robots\" content=\"index, follow, max-snippet:-1, max-image-preview:large, max-video-preview:-1\" \/>\n<link rel=\"canonical\" href=\"https:\/\/earmuffz.com\/fr\/produit\/cordon-de-cou\/\" \/>\n<meta property=\"og:locale\" content=\"fr_FR\" \/>\n<meta property=\"og:type\" content=\"article\" \/>\n<meta property=\"og:title\" content=\"Neck Strap\" \/>\n<meta property=\"og:description\" content=\"Garde tes bouchons d&rsquo;oreilles \u00e0 port\u00e9e de main, o\u00f9 que la vie t&#8217;emm\u00e8ne Ne perds plus jamais tes bouchons d&rsquo;oreilles. [&hellip;]\" \/>\n<meta property=\"og:url\" content=\"https:\/\/earmuffz.com\/fr\/produit\/cordon-de-cou\/\" \/>\n<meta property=\"og:site_name\" content=\"Earmuffz\" \/>\n<meta property=\"article:modified_time\" content=\"2026-01-21T09:01:24+00:00\" \/>\n<meta property=\"og:image\" content=\"https:\/\/earmuffz.com\/wp-content\/uploads\/2025\/10\/Neck_Strap.jpg\" \/>\n\t<meta property=\"og:image:width\" content=\"2500\" \/>\n\t<meta property=\"og:image:height\" content=\"2500\" \/>\n\t<meta property=\"og:image:type\" content=\"image\/jpeg\" \/>\n<meta name=\"twitter:card\" content=\"summary_large_image\" \/>\n<meta name=\"twitter:label1\" content=\"Dur\u00e9e de lecture estim\u00e9e\" \/>\n\t<meta name=\"twitter:data1\" content=\"1 minute\" \/>\n<script type=\"application\/ld+json\" class=\"yoast-schema-graph\">{\"@context\":\"https:\\\/\\\/schema.org\",\"@graph\":[{\"@type\":\"WebPage\",\"@id\":\"https:\\\/\\\/earmuffz.com\\\/fr\\\/produit\\\/cordon-de-cou\\\/\",\"url\":\"https:\\\/\\\/earmuffz.com\\\/fr\\\/produit\\\/cordon-de-cou\\\/\",\"name\":\"Neck Strap - Earmuffz\",\"isPartOf\":{\"@id\":\"https:\\\/\\\/earmuffz.com\\\/#website\"},\"primaryImageOfPage\":{\"@id\":\"https:\\\/\\\/earmuffz.com\\\/fr\\\/produit\\\/cordon-de-cou\\\/#primaryimage\"},\"image\":{\"@id\":\"https:\\\/\\\/earmuffz.com\\\/fr\\\/produit\\\/cordon-de-cou\\\/#primaryimage\"},\"thumbnailUrl\":\"https:\\\/\\\/earmuffz.com\\\/wp-content\\\/uploads\\\/2025\\\/10\\\/Neck_Strap.jpg\",\"datePublished\":\"2025-10-29T06:58:00+00:00\",\"dateModified\":\"2026-01-21T09:01:24+00:00\",\"breadcrumb\":{\"@id\":\"https:\\\/\\\/earmuffz.com\\\/fr\\\/produit\\\/cordon-de-cou\\\/#breadcrumb\"},\"inLanguage\":\"fr-FR\",\"potentialAction\":[{\"@type\":\"ReadAction\",\"target\":[\"https:\\\/\\\/earmuffz.com\\\/fr\\\/produit\\\/cordon-de-cou\\\/\"]}]},{\"@type\":\"ImageObject\",\"inLanguage\":\"fr-FR\",\"@id\":\"https:\\\/\\\/earmuffz.com\\\/fr\\\/produit\\\/cordon-de-cou\\\/#primaryimage\",\"url\":\"https:\\\/\\\/earmuffz.com\\\/wp-content\\\/uploads\\\/2025\\\/10\\\/Neck_Strap.jpg\",\"contentUrl\":\"https:\\\/\\\/earmuffz.com\\\/wp-content\\\/uploads\\\/2025\\\/10\\\/Neck_Strap.jpg\",\"width\":2500,\"height\":2500},{\"@type\":\"BreadcrumbList\",\"@id\":\"https:\\\/\\\/earmuffz.com\\\/fr\\\/produit\\\/cordon-de-cou\\\/#breadcrumb\",\"itemListElement\":[{\"@type\":\"ListItem\",\"position\":1,\"name\":\"Accueil\",\"item\":\"https:\\\/\\\/earmuffz.com\\\/fr\\\/\"},{\"@type\":\"ListItem\",\"position\":2,\"name\":\"Products\",\"item\":\"https:\\\/\\\/earmuffz.com\\\/shop__trashed\\\/\"},{\"@type\":\"ListItem\",\"position\":3,\"name\":\"Neck Strap\"}]},{\"@type\":\"WebSite\",\"@id\":\"https:\\\/\\\/earmuffz.com\\\/#website\",\"url\":\"https:\\\/\\\/earmuffz.com\\\/\",\"name\":\"Earmuffz\",\"description\":\"Hearing for life\",\"publisher\":{\"@id\":\"https:\\\/\\\/earmuffz.com\\\/#organization\"},\"potentialAction\":[{\"@type\":\"SearchAction\",\"target\":{\"@type\":\"EntryPoint\",\"urlTemplate\":\"https:\\\/\\\/earmuffz.com\\\/?s={search_term_string}\"},\"query-input\":{\"@type\":\"PropertyValueSpecification\",\"valueRequired\":true,\"valueName\":\"search_term_string\"}}],\"inLanguage\":\"fr-FR\"},{\"@type\":\"Organization\",\"@id\":\"https:\\\/\\\/earmuffz.com\\\/#organization\",\"name\":\"Earmuffz\",\"url\":\"https:\\\/\\\/earmuffz.com\\\/\",\"logo\":{\"@type\":\"ImageObject\",\"inLanguage\":\"fr-FR\",\"@id\":\"https:\\\/\\\/earmuffz.com\\\/#\\\/schema\\\/logo\\\/image\\\/\",\"url\":\"https:\\\/\\\/earmuffz.com\\\/wp-content\\\/uploads\\\/2025\\\/08\\\/Earmuffz-Earplugs-Logo.png\",\"contentUrl\":\"https:\\\/\\\/earmuffz.com\\\/wp-content\\\/uploads\\\/2025\\\/08\\\/Earmuffz-Earplugs-Logo.png\",\"width\":467,\"height\":150,\"caption\":\"Earmuffz\"},\"image\":{\"@id\":\"https:\\\/\\\/earmuffz.com\\\/#\\\/schema\\\/logo\\\/image\\\/\"}}]}<\/script>\n<!-- \/ Yoast SEO Premium plugin. -->","yoast_head_json":{"title":"Neck Strap - Earmuffz","robots":{"index":"index","follow":"follow","max-snippet":"max-snippet:-1","max-image-preview":"max-image-preview:large","max-video-preview":"max-video-preview:-1"},"canonical":"https:\/\/earmuffz.com\/fr\/produit\/cordon-de-cou\/","og_locale":"fr_FR","og_type":"article","og_title":"Neck Strap","og_description":"Garde tes bouchons d&rsquo;oreilles \u00e0 port\u00e9e de main, o\u00f9 que la vie t&#8217;emm\u00e8ne Ne perds plus jamais tes bouchons d&rsquo;oreilles. [&hellip;]","og_url":"https:\/\/earmuffz.com\/fr\/produit\/cordon-de-cou\/","og_site_name":"Earmuffz","article_modified_time":"2026-01-21T09:01:24+00:00","og_image":[{"width":2500,"height":2500,"url":"https:\/\/earmuffz.com\/wp-content\/uploads\/2025\/10\/Neck_Strap.jpg","type":"image\/jpeg"}],"twitter_card":"summary_large_image","twitter_misc":{"Dur\u00e9e de lecture estim\u00e9e":"1 minute"},"schema":{"@context":"https:\/\/schema.org","@graph":[{"@type":"WebPage","@id":"https:\/\/earmuffz.com\/fr\/produit\/cordon-de-cou\/","url":"https:\/\/earmuffz.com\/fr\/produit\/cordon-de-cou\/","name":"Neck Strap - Earmuffz","isPartOf":{"@id":"https:\/\/earmuffz.com\/#website"},"primaryImageOfPage":{"@id":"https:\/\/earmuffz.com\/fr\/produit\/cordon-de-cou\/#primaryimage"},"image":{"@id":"https:\/\/earmuffz.com\/fr\/produit\/cordon-de-cou\/#primaryimage"},"thumbnailUrl":"https:\/\/earmuffz.com\/wp-content\/uploads\/2025\/10\/Neck_Strap.jpg","datePublished":"2025-10-29T06:58:00+00:00","dateModified":"2026-01-21T09:01:24+00:00","breadcrumb":{"@id":"https:\/\/earmuffz.com\/fr\/produit\/cordon-de-cou\/#breadcrumb"},"inLanguage":"fr-FR","potentialAction":[{"@type":"ReadAction","target":["https:\/\/earmuffz.com\/fr\/produit\/cordon-de-cou\/"]}]},{"@type":"ImageObject","inLanguage":"fr-FR","@id":"https:\/\/earmuffz.com\/fr\/produit\/cordon-de-cou\/#primaryimage","url":"https:\/\/earmuffz.com\/wp-content\/uploads\/2025\/10\/Neck_Strap.jpg","contentUrl":"https:\/\/earmuffz.com\/wp-content\/uploads\/2025\/10\/Neck_Strap.jpg","width":2500,"height":2500},{"@type":"BreadcrumbList","@id":"https:\/\/earmuffz.com\/fr\/produit\/cordon-de-cou\/#breadcrumb","itemListElement":[{"@type":"ListItem","position":1,"name":"Accueil","item":"https:\/\/earmuffz.com\/fr\/"},{"@type":"ListItem","position":2,"name":"Products","item":"https:\/\/earmuffz.com\/shop__trashed\/"},{"@type":"ListItem","position":3,"name":"Neck Strap"}]},{"@type":"WebSite","@id":"https:\/\/earmuffz.com\/#website","url":"https:\/\/earmuffz.com\/","name":"Earmuffz","description":"Hearing for life","publisher":{"@id":"https:\/\/earmuffz.com\/#organization"},"potentialAction":[{"@type":"SearchAction","target":{"@type":"EntryPoint","urlTemplate":"https:\/\/earmuffz.com\/?s={search_term_string}"},"query-input":{"@type":"PropertyValueSpecification","valueRequired":true,"valueName":"search_term_string"}}],"inLanguage":"fr-FR"},{"@type":"Organization","@id":"https:\/\/earmuffz.com\/#organization","name":"Earmuffz","url":"https:\/\/earmuffz.com\/","logo":{"@type":"ImageObject","inLanguage":"fr-FR","@id":"https:\/\/earmuffz.com\/#\/schema\/logo\/image\/","url":"https:\/\/earmuffz.com\/wp-content\/uploads\/2025\/08\/Earmuffz-Earplugs-Logo.png","contentUrl":"https:\/\/earmuffz.com\/wp-content\/uploads\/2025\/08\/Earmuffz-Earplugs-Logo.png","width":467,"height":150,"caption":"Earmuffz"},"image":{"@id":"https:\/\/earmuffz.com\/#\/schema\/logo\/image\/"}}]}},"_links":{"self":[{"href":"https:\/\/earmuffz.com\/fr\/wp-json\/wp\/v2\/product\/8880","targetHints":{"allow":["GET"]}}],"collection":[{"href":"https:\/\/earmuffz.com\/fr\/wp-json\/wp\/v2\/product"}],"about":[{"href":"https:\/\/earmuffz.com\/fr\/wp-json\/wp\/v2\/types\/product"}],"replies":[{"embeddable":true,"href":"https:\/\/earmuffz.com\/fr\/wp-json\/wp\/v2\/comments?post=8880"}],"wp:featuredmedia":[{"embeddable":true,"href":"https:\/\/earmuffz.com\/fr\/wp-json\/wp\/v2\/media\/17726"}],"wp:attachment":[{"href":"https:\/\/earmuffz.com\/fr\/wp-json\/wp\/v2\/media?parent=8880"}],"wp:term":[{"taxonomy":"product_brand","embeddable":true,"href":"https:\/\/earmuffz.com\/fr\/wp-json\/wp\/v2\/product_brand?post=8880"},{"taxonomy":"product_cat","embeddable":true,"href":"https:\/\/earmuffz.com\/fr\/wp-json\/wp\/v2\/product_cat?post=8880"},{"taxonomy":"product_tag","embeddable":true,"href":"https:\/\/earmuffz.com\/fr\/wp-json\/wp\/v2\/product_tag?post=8880"}],"curies":[{"name":"wp","href":"https:\/\/api.w.org\/{rel}","templated":true}]}}