{"id":8941,"date":"2025-08-02T10:47:17","date_gmt":"2025-08-02T10:47:17","guid":{"rendered":"https:\/\/earmuffz.com\/product\/adventure-premium\/"},"modified":"2026-01-21T12:07:04","modified_gmt":"2026-01-21T12:07:04","slug":"adventure-premium","status":"publish","type":"product","link":"https:\/\/earmuffz.com\/es\/producto\/adventure-premium\/","title":{"rendered":"Premium Adventure"},"content":{"rendered":"<p class=\"ai-optimize-32 ai-optimize-introduction\"><strong>Sintoniza sin desconectar<\/strong><br \/>\nEncuentra la calma en el caos con los tapones para los o\u00eddos Earmuffz Adventure, tu soluci\u00f3n ideal para conversaciones m\u00e1s claras y menos ruido de fondo,<br \/>\nya sea de camino al trabajo, trabajando o poni\u00e9ndote al d\u00eda con amigos.<\/p>\n<p class=\"ai-optimize-34\"><strong>\u25cf Filtrado de ruido equilibrado<\/strong><br \/>\nReduce el sonido ambiental en 19 dB (SNR) para ayudarte a mantenerte concentrado sin sentirte aislado.<\/p>\n<p class=\"ai-optimize-34\"><strong>\u25cf El habla se mantiene natural<\/strong><br \/>\nDise\u00f1ado para reducir el ruido sin distorsionar las voces ni crear la sensaci\u00f3n de \u00abtapado\u00bb.<\/p>\n<p class=\"ai-optimize-35\"><strong>\u25cf Opciones de ajuste perfeccionadas<\/strong><br \/>\nIncluye 4 tama\u00f1os de almohadillas mejoradas para adaptarse c\u00f3modamente a tus o\u00eddos, incluso a los m\u00e1s peque\u00f1os.<\/p>\n<p class=\"ai-optimize-36\"><strong>\u25cf Dise\u00f1ado para durar<\/strong><br \/>\nDuradero, reutilizable y f\u00e1cil de limpiar para el uso diario.<\/p>\n<p class=\"ai-optimize-37\">\u25cf <strong>Almacenamiento para llevar<\/strong><br \/>\nViene con un estuche compacto para mantener tus tapones seguros dondequiera que est\u00e9s.<\/p>\n<p class=\"ai-optimize-38\">\u25cf<strong> Protecci\u00f3n certificada<\/strong><br \/>\nAyuda a proteger tu audici\u00f3n del ruido da\u00f1ino sin aislarte del mundo.<br \/>\nBloquea el ruido, no tu comodidad.<\/p>\n","protected":false},"excerpt":{"rendered":"<p class=\"ai-optimize-32 ai-optimize-introduction\">Encuentra la calma en el caos con los tapones para los o\u00eddos Earmuffz Adventure, tu soluci\u00f3n ideal para conversaciones m\u00e1s claras y menos ruido de fondo, ya sea de camino al trabajo, trabajando o poni\u00e9ndote al d\u00eda con amigos.<\/p>\n","protected":false},"featured_media":20561,"comment_status":"open","ping_status":"closed","template":"","meta":{"site-sidebar-layout":"default","site-content-layout":"","ast-site-content-layout":"default","site-content-style":"default","site-sidebar-style":"default","ast-global-header-display":"","ast-banner-title-visibility":"","ast-main-header-display":"","ast-hfb-above-header-display":"","ast-hfb-below-header-display":"","ast-hfb-mobile-header-display":"","site-post-title":"","ast-breadcrumbs-content":"","ast-featured-img":"","footer-sml-layout":"","ast-disable-related-posts":"","theme-transparent-header-meta":"default","adv-header-id-meta":"","stick-header-meta":"default","header-above-stick-meta":"","header-main-stick-meta":"","header-below-stick-meta":"","astra-migrate-meta-layouts":"set","ast-page-background-enabled":"default","ast-page-background-meta":{"desktop":{"background-color":"var(--ast-global-color-5)","background-image":"","background-repeat":"repeat","background-position":"center center","background-size":"auto","background-attachment":"scroll","background-type":"","background-media":"","overlay-type":"","overlay-color":"","overlay-opacity":"","overlay-gradient":""},"tablet":{"background-color":"","background-image":"","background-repeat":"repeat","background-position":"center center","background-size":"auto","background-attachment":"scroll","background-type":"","background-media":"","overlay-type":"","overlay-color":"","overlay-opacity":"","overlay-gradient":""},"mobile":{"background-color":"","background-image":"","background-repeat":"repeat","background-position":"center center","background-size":"auto","background-attachment":"scroll","background-type":"","background-media":"","overlay-type":"","overlay-color":"","overlay-opacity":"","overlay-gradient":""}},"ast-content-background-meta":{"desktop":{"background-color":"var(--ast-global-color-4)","background-image":"","background-repeat":"repeat","background-position":"center center","background-size":"auto","background-attachment":"scroll","background-type":"","background-media":"","overlay-type":"","overlay-color":"","overlay-opacity":"","overlay-gradient":""},"tablet":{"background-color":"var(--ast-global-color-4)","background-image":"","background-repeat":"repeat","background-position":"center center","background-size":"auto","background-attachment":"scroll","background-type":"","background-media":"","overlay-type":"","overlay-color":"","overlay-opacity":"","overlay-gradient":""},"mobile":{"background-color":"var(--ast-global-color-4)","background-image":"","background-repeat":"repeat","background-position":"center center","background-size":"auto","background-attachment":"scroll","background-type":"","background-media":"","overlay-type":"","overlay-color":"","overlay-opacity":"","overlay-gradient":""}}},"product_brand":[],"product_cat":[356,357],"product_tag":[],"class_list":{"0":"post-8941","1":"product","2":"type-product","3":"status-publish","4":"has-post-thumbnail","6":"product_cat-adventure","7":"product_cat-premium","8":"desktop-align-center","9":"tablet-align-left","10":"mobile-align-left","11":"ast-product-gallery-layout-horizontal-slider","12":"ast-product-gallery-with-no-image","13":"ast-product-single-variable","14":"ast-product-tabs-layout-horizontal","16":"first","17":"instock","18":"taxable","19":"shipping-taxable","20":"purchasable","21":"product-type-variable","22":"has-default-attributes"},"gallery_images":[],"yoast_head":"<!-- This site is optimized with the Yoast SEO Premium plugin v25.2 (Yoast SEO v27.4) - https:\/\/yoast.com\/product\/yoast-seo-premium-wordpress\/ -->\n<title>Premium Adventure - Earmuffz<\/title>\n<meta name=\"robots\" content=\"index, follow, max-snippet:-1, max-image-preview:large, max-video-preview:-1\" \/>\n<link rel=\"canonical\" href=\"https:\/\/earmuffz.com\/es\/producto\/adventure-premium\/\" \/>\n<meta property=\"og:locale\" content=\"es_ES\" \/>\n<meta property=\"og:type\" content=\"article\" \/>\n<meta property=\"og:title\" content=\"Premium Adventure\" \/>\n<meta property=\"og:description\" content=\"Encuentra la calma en el caos con los tapones para los o\u00eddos Earmuffz Adventure, tu soluci\u00f3n ideal para conversaciones m\u00e1s claras y menos ruido de fondo, ya sea de camino al trabajo, trabajando o poni\u00e9ndote al d\u00eda con amigos.\" \/>\n<meta property=\"og:url\" content=\"https:\/\/earmuffz.com\/es\/producto\/adventure-premium\/\" \/>\n<meta property=\"og:site_name\" content=\"Earmuffz\" \/>\n<meta property=\"article:modified_time\" content=\"2026-01-21T12:07:04+00:00\" \/>\n<meta property=\"og:image\" content=\"https:\/\/earmuffz.com\/wp-content\/uploads\/2026\/01\/Adventure_Turqoise_001_new_latest.jpg\" \/>\n\t<meta property=\"og:image:width\" content=\"2500\" \/>\n\t<meta property=\"og:image:height\" content=\"2500\" \/>\n\t<meta property=\"og:image:type\" content=\"image\/jpeg\" \/>\n<meta name=\"twitter:card\" content=\"summary_large_image\" \/>\n<meta name=\"twitter:label1\" content=\"Tiempo de lectura\" \/>\n\t<meta name=\"twitter:data1\" content=\"1 minuto\" \/>\n<script type=\"application\/ld+json\" class=\"yoast-schema-graph\">{\"@context\":\"https:\\\/\\\/schema.org\",\"@graph\":[{\"@type\":\"WebPage\",\"@id\":\"https:\\\/\\\/earmuffz.com\\\/es\\\/producto\\\/adventure-premium\\\/\",\"url\":\"https:\\\/\\\/earmuffz.com\\\/es\\\/producto\\\/adventure-premium\\\/\",\"name\":\"Premium Adventure - Earmuffz\",\"isPartOf\":{\"@id\":\"https:\\\/\\\/earmuffz.com\\\/#website\"},\"primaryImageOfPage\":{\"@id\":\"https:\\\/\\\/earmuffz.com\\\/es\\\/producto\\\/adventure-premium\\\/#primaryimage\"},\"image\":{\"@id\":\"https:\\\/\\\/earmuffz.com\\\/es\\\/producto\\\/adventure-premium\\\/#primaryimage\"},\"thumbnailUrl\":\"https:\\\/\\\/earmuffz.com\\\/wp-content\\\/uploads\\\/2026\\\/01\\\/Adventure_Turqoise_001_new_latest.jpg\",\"datePublished\":\"2025-08-02T10:47:17+00:00\",\"dateModified\":\"2026-01-21T12:07:04+00:00\",\"breadcrumb\":{\"@id\":\"https:\\\/\\\/earmuffz.com\\\/es\\\/producto\\\/adventure-premium\\\/#breadcrumb\"},\"inLanguage\":\"es\",\"potentialAction\":[{\"@type\":\"ReadAction\",\"target\":[\"https:\\\/\\\/earmuffz.com\\\/es\\\/producto\\\/adventure-premium\\\/\"]}]},{\"@type\":\"ImageObject\",\"inLanguage\":\"es\",\"@id\":\"https:\\\/\\\/earmuffz.com\\\/es\\\/producto\\\/adventure-premium\\\/#primaryimage\",\"url\":\"https:\\\/\\\/earmuffz.com\\\/wp-content\\\/uploads\\\/2026\\\/01\\\/Adventure_Turqoise_001_new_latest.jpg\",\"contentUrl\":\"https:\\\/\\\/earmuffz.com\\\/wp-content\\\/uploads\\\/2026\\\/01\\\/Adventure_Turqoise_001_new_latest.jpg\",\"width\":2500,\"height\":2500},{\"@type\":\"BreadcrumbList\",\"@id\":\"https:\\\/\\\/earmuffz.com\\\/es\\\/producto\\\/adventure-premium\\\/#breadcrumb\",\"itemListElement\":[{\"@type\":\"ListItem\",\"position\":1,\"name\":\"Inicio\",\"item\":\"https:\\\/\\\/earmuffz.com\\\/es\\\/\"},{\"@type\":\"ListItem\",\"position\":2,\"name\":\"Products\",\"item\":\"https:\\\/\\\/earmuffz.com\\\/shop__trashed\\\/\"},{\"@type\":\"ListItem\",\"position\":3,\"name\":\"Premium Adventure\"}]},{\"@type\":\"WebSite\",\"@id\":\"https:\\\/\\\/earmuffz.com\\\/#website\",\"url\":\"https:\\\/\\\/earmuffz.com\\\/\",\"name\":\"Earmuffz\",\"description\":\"Hearing for life\",\"publisher\":{\"@id\":\"https:\\\/\\\/earmuffz.com\\\/#organization\"},\"potentialAction\":[{\"@type\":\"SearchAction\",\"target\":{\"@type\":\"EntryPoint\",\"urlTemplate\":\"https:\\\/\\\/earmuffz.com\\\/?s={search_term_string}\"},\"query-input\":{\"@type\":\"PropertyValueSpecification\",\"valueRequired\":true,\"valueName\":\"search_term_string\"}}],\"inLanguage\":\"es\"},{\"@type\":\"Organization\",\"@id\":\"https:\\\/\\\/earmuffz.com\\\/#organization\",\"name\":\"Earmuffz\",\"url\":\"https:\\\/\\\/earmuffz.com\\\/\",\"logo\":{\"@type\":\"ImageObject\",\"inLanguage\":\"es\",\"@id\":\"https:\\\/\\\/earmuffz.com\\\/#\\\/schema\\\/logo\\\/image\\\/\",\"url\":\"https:\\\/\\\/earmuffz.com\\\/wp-content\\\/uploads\\\/2025\\\/08\\\/Earmuffz-Earplugs-Logo.png\",\"contentUrl\":\"https:\\\/\\\/earmuffz.com\\\/wp-content\\\/uploads\\\/2025\\\/08\\\/Earmuffz-Earplugs-Logo.png\",\"width\":467,\"height\":150,\"caption\":\"Earmuffz\"},\"image\":{\"@id\":\"https:\\\/\\\/earmuffz.com\\\/#\\\/schema\\\/logo\\\/image\\\/\"}}]}<\/script>\n<!-- \/ Yoast SEO Premium plugin. -->","yoast_head_json":{"title":"Premium Adventure - Earmuffz","robots":{"index":"index","follow":"follow","max-snippet":"max-snippet:-1","max-image-preview":"max-image-preview:large","max-video-preview":"max-video-preview:-1"},"canonical":"https:\/\/earmuffz.com\/es\/producto\/adventure-premium\/","og_locale":"es_ES","og_type":"article","og_title":"Premium Adventure","og_description":"Encuentra la calma en el caos con los tapones para los o\u00eddos Earmuffz Adventure, tu soluci\u00f3n ideal para conversaciones m\u00e1s claras y menos ruido de fondo, ya sea de camino al trabajo, trabajando o poni\u00e9ndote al d\u00eda con amigos.","og_url":"https:\/\/earmuffz.com\/es\/producto\/adventure-premium\/","og_site_name":"Earmuffz","article_modified_time":"2026-01-21T12:07:04+00:00","og_image":[{"width":2500,"height":2500,"url":"https:\/\/earmuffz.com\/wp-content\/uploads\/2026\/01\/Adventure_Turqoise_001_new_latest.jpg","type":"image\/jpeg"}],"twitter_card":"summary_large_image","twitter_misc":{"Tiempo de lectura":"1 minuto"},"schema":{"@context":"https:\/\/schema.org","@graph":[{"@type":"WebPage","@id":"https:\/\/earmuffz.com\/es\/producto\/adventure-premium\/","url":"https:\/\/earmuffz.com\/es\/producto\/adventure-premium\/","name":"Premium Adventure - Earmuffz","isPartOf":{"@id":"https:\/\/earmuffz.com\/#website"},"primaryImageOfPage":{"@id":"https:\/\/earmuffz.com\/es\/producto\/adventure-premium\/#primaryimage"},"image":{"@id":"https:\/\/earmuffz.com\/es\/producto\/adventure-premium\/#primaryimage"},"thumbnailUrl":"https:\/\/earmuffz.com\/wp-content\/uploads\/2026\/01\/Adventure_Turqoise_001_new_latest.jpg","datePublished":"2025-08-02T10:47:17+00:00","dateModified":"2026-01-21T12:07:04+00:00","breadcrumb":{"@id":"https:\/\/earmuffz.com\/es\/producto\/adventure-premium\/#breadcrumb"},"inLanguage":"es","potentialAction":[{"@type":"ReadAction","target":["https:\/\/earmuffz.com\/es\/producto\/adventure-premium\/"]}]},{"@type":"ImageObject","inLanguage":"es","@id":"https:\/\/earmuffz.com\/es\/producto\/adventure-premium\/#primaryimage","url":"https:\/\/earmuffz.com\/wp-content\/uploads\/2026\/01\/Adventure_Turqoise_001_new_latest.jpg","contentUrl":"https:\/\/earmuffz.com\/wp-content\/uploads\/2026\/01\/Adventure_Turqoise_001_new_latest.jpg","width":2500,"height":2500},{"@type":"BreadcrumbList","@id":"https:\/\/earmuffz.com\/es\/producto\/adventure-premium\/#breadcrumb","itemListElement":[{"@type":"ListItem","position":1,"name":"Inicio","item":"https:\/\/earmuffz.com\/es\/"},{"@type":"ListItem","position":2,"name":"Products","item":"https:\/\/earmuffz.com\/shop__trashed\/"},{"@type":"ListItem","position":3,"name":"Premium Adventure"}]},{"@type":"WebSite","@id":"https:\/\/earmuffz.com\/#website","url":"https:\/\/earmuffz.com\/","name":"Earmuffz","description":"Hearing for life","publisher":{"@id":"https:\/\/earmuffz.com\/#organization"},"potentialAction":[{"@type":"SearchAction","target":{"@type":"EntryPoint","urlTemplate":"https:\/\/earmuffz.com\/?s={search_term_string}"},"query-input":{"@type":"PropertyValueSpecification","valueRequired":true,"valueName":"search_term_string"}}],"inLanguage":"es"},{"@type":"Organization","@id":"https:\/\/earmuffz.com\/#organization","name":"Earmuffz","url":"https:\/\/earmuffz.com\/","logo":{"@type":"ImageObject","inLanguage":"es","@id":"https:\/\/earmuffz.com\/#\/schema\/logo\/image\/","url":"https:\/\/earmuffz.com\/wp-content\/uploads\/2025\/08\/Earmuffz-Earplugs-Logo.png","contentUrl":"https:\/\/earmuffz.com\/wp-content\/uploads\/2025\/08\/Earmuffz-Earplugs-Logo.png","width":467,"height":150,"caption":"Earmuffz"},"image":{"@id":"https:\/\/earmuffz.com\/#\/schema\/logo\/image\/"}}]}},"_links":{"self":[{"href":"https:\/\/earmuffz.com\/es\/wp-json\/wp\/v2\/product\/8941","targetHints":{"allow":["GET"]}}],"collection":[{"href":"https:\/\/earmuffz.com\/es\/wp-json\/wp\/v2\/product"}],"about":[{"href":"https:\/\/earmuffz.com\/es\/wp-json\/wp\/v2\/types\/product"}],"replies":[{"embeddable":true,"href":"https:\/\/earmuffz.com\/es\/wp-json\/wp\/v2\/comments?post=8941"}],"wp:featuredmedia":[{"embeddable":true,"href":"https:\/\/earmuffz.com\/es\/wp-json\/wp\/v2\/media\/20561"}],"wp:attachment":[{"href":"https:\/\/earmuffz.com\/es\/wp-json\/wp\/v2\/media?parent=8941"}],"wp:term":[{"taxonomy":"product_brand","embeddable":true,"href":"https:\/\/earmuffz.com\/es\/wp-json\/wp\/v2\/product_brand?post=8941"},{"taxonomy":"product_cat","embeddable":true,"href":"https:\/\/earmuffz.com\/es\/wp-json\/wp\/v2\/product_cat?post=8941"},{"taxonomy":"product_tag","embeddable":true,"href":"https:\/\/earmuffz.com\/es\/wp-json\/wp\/v2\/product_tag?post=8941"}],"curies":[{"name":"wp","href":"https:\/\/api.w.org\/{rel}","templated":true}]}}