{"id":9855,"date":"2025-08-02T15:10:42","date_gmt":"2025-08-02T15:10:42","guid":{"rendered":"https:\/\/earmuffz.com\/product\/premium-advanced\/"},"modified":"2026-01-21T12:37:50","modified_gmt":"2026-01-21T12:37:50","slug":"premium-advanced","status":"publish","type":"product","link":"https:\/\/earmuffz.com\/de\/produkt\/premium-advanced\/","title":{"rendered":"Premium Advanced"},"content":{"rendered":"<p class=\"ai-optimize-39 ai-optimize-introduction\"><strong>Dabei sein, ohne abgelenkt zu werden<\/strong><br \/>\nFinde Ruhe im Chaos mit Earmuffz Ohrst\u00f6pseln, deiner L\u00f6sung f\u00fcr klarere Gespr\u00e4che und weniger Hintergrundger\u00e4usche.<br \/>\negal ob du pendelst, arbeitest oder dich mit Freunden triffst.<\/p>\n<p class=\"ai-optimize-40\"><strong>\u25cf Ausgewogene Ger\u00e4uschfilterung<\/strong><br \/>\nReduziere Umgebungsger\u00e4usche um 19 dB oder 26 dB (SNR) mit dem Earmuffz Adventure-Einsatz.<\/p>\n<p class=\"ai-optimize-41\"><strong>\u25cf Sprache bleibt nat\u00fcrlich<\/strong><br \/>\nEntwickelt, um Ger\u00e4usche zu reduzieren, ohne Stimmen zu verzerren oder das Gef\u00fchl zu erzeugen, \u201everstopft\u201c zu sein.<\/p>\n<p class=\"ai-optimize-42\"><strong>\u25cf Perfekte Passform-Optionen<\/strong><br \/>\nEnth\u00e4lt 4 verbesserte Ohrst\u00f6pselgr\u00f6\u00dfen, die sich deinen Ohren bequem anpassen \u2013 selbst den kleineren.<\/p>\n<p class=\"ai-optimize-43\"><strong>\u25cf F\u00fcr Langlebigkeit konzipiert<\/strong><br \/>\nLanglebig, wiederverwendbar und leicht zu reinigen f\u00fcr den t\u00e4glichen Gebrauch.<\/p>\n<p class=\"ai-optimize-44\">\u25cf <strong>Aufbewahrung f\u00fcr unterwegs<\/strong><br \/>\nWird mit einem kompakten Etui geliefert, um deine Ohrst\u00f6psel \u00fcberall sicher aufzubewahren.<\/p>\n<p class=\"ai-optimize-45\">\u25cf <strong>Zertifizierter Schutz<\/strong><br \/>\nSch\u00fctzt dein Geh\u00f6r vor sch\u00e4dlichem L\u00e4rm, ohne dich von der Welt abzuschneiden.<br \/>\nBlockiere den L\u00e4rm, nicht deinen Komfort.<\/p>\n","protected":false},"excerpt":{"rendered":"<p class=\"ai-optimize-26 ai-optimize-introduction\">Finde Ruhe im Chaos mit Earmuffz Ohrst\u00f6pseln, deiner L\u00f6sung f\u00fcr klarere Gespr\u00e4che und weniger Hintergrundger\u00e4usche, egal ob du pendelst, arbeitest oder dich mit Freunden triffst.<\/p>\n","protected":false},"featured_media":19944,"comment_status":"open","ping_status":"closed","template":"","meta":{"site-sidebar-layout":"default","site-content-layout":"","ast-site-content-layout":"default","site-content-style":"default","site-sidebar-style":"default","ast-global-header-display":"","ast-banner-title-visibility":"","ast-main-header-display":"","ast-hfb-above-header-display":"","ast-hfb-below-header-display":"","ast-hfb-mobile-header-display":"","site-post-title":"","ast-breadcrumbs-content":"","ast-featured-img":"","footer-sml-layout":"","ast-disable-related-posts":"","theme-transparent-header-meta":"default","adv-header-id-meta":"","stick-header-meta":"default","header-above-stick-meta":"","header-main-stick-meta":"","header-below-stick-meta":"","astra-migrate-meta-layouts":"set","ast-page-background-enabled":"default","ast-page-background-meta":{"desktop":{"background-color":"var(--ast-global-color-5)","background-image":"","background-repeat":"repeat","background-position":"center center","background-size":"auto","background-attachment":"scroll","background-type":"","background-media":"","overlay-type":"","overlay-color":"","overlay-opacity":"","overlay-gradient":""},"tablet":{"background-color":"","background-image":"","background-repeat":"repeat","background-position":"center center","background-size":"auto","background-attachment":"scroll","background-type":"","background-media":"","overlay-type":"","overlay-color":"","overlay-opacity":"","overlay-gradient":""},"mobile":{"background-color":"","background-image":"","background-repeat":"repeat","background-position":"center center","background-size":"auto","background-attachment":"scroll","background-type":"","background-media":"","overlay-type":"","overlay-color":"","overlay-opacity":"","overlay-gradient":""}},"ast-content-background-meta":{"desktop":{"background-color":"var(--ast-global-color-4)","background-image":"","background-repeat":"repeat","background-position":"center center","background-size":"auto","background-attachment":"scroll","background-type":"","background-media":"","overlay-type":"","overlay-color":"","overlay-opacity":"","overlay-gradient":""},"tablet":{"background-color":"var(--ast-global-color-4)","background-image":"","background-repeat":"repeat","background-position":"center center","background-size":"auto","background-attachment":"scroll","background-type":"","background-media":"","overlay-type":"","overlay-color":"","overlay-opacity":"","overlay-gradient":""},"mobile":{"background-color":"var(--ast-global-color-4)","background-image":"","background-repeat":"repeat","background-position":"center center","background-size":"auto","background-attachment":"scroll","background-type":"","background-media":"","overlay-type":"","overlay-color":"","overlay-opacity":"","overlay-gradient":""}}},"product_brand":[],"product_cat":[391,388],"product_tag":[],"class_list":{"0":"post-9855","1":"product","2":"type-product","3":"status-publish","4":"has-post-thumbnail","6":"product_cat-advanced","7":"product_cat-premium","8":"desktop-align-center","9":"tablet-align-left","10":"mobile-align-left","11":"ast-product-gallery-layout-horizontal-slider","12":"ast-product-gallery-with-no-image","13":"ast-product-single-variable","14":"ast-product-tabs-layout-horizontal","16":"first","17":"instock","18":"taxable","19":"shipping-taxable","20":"purchasable","21":"product-type-variable","22":"has-default-attributes"},"gallery_images":[],"yoast_head":"<!-- This site is optimized with the Yoast SEO Premium plugin v25.2 (Yoast SEO v27.4) - https:\/\/yoast.com\/product\/yoast-seo-premium-wordpress\/ -->\n<title>Premium Advanced - Earmuffz<\/title>\n<meta name=\"robots\" content=\"index, follow, max-snippet:-1, max-image-preview:large, max-video-preview:-1\" \/>\n<link rel=\"canonical\" href=\"https:\/\/earmuffz.com\/de\/produkt\/premium-advanced\/\" \/>\n<meta property=\"og:locale\" content=\"de_DE\" \/>\n<meta property=\"og:type\" content=\"article\" \/>\n<meta property=\"og:title\" content=\"Premium Advanced\" \/>\n<meta property=\"og:description\" content=\"Finde Ruhe im Chaos mit Earmuffz Ohrst\u00f6pseln, deiner L\u00f6sung f\u00fcr klarere Gespr\u00e4che und weniger Hintergrundger\u00e4usche, egal ob du pendelst, arbeitest oder dich mit Freunden triffst.\" \/>\n<meta property=\"og:url\" content=\"https:\/\/earmuffz.com\/de\/produkt\/premium-advanced\/\" \/>\n<meta property=\"og:site_name\" content=\"Earmuffz\" \/>\n<meta property=\"article:modified_time\" content=\"2026-01-21T12:37:50+00:00\" \/>\n<meta property=\"og:image\" content=\"https:\/\/earmuffz.com\/wp-content\/uploads\/2026\/01\/Adventure-Advanced_Lapis_001-1-new.jpg\" \/>\n\t<meta property=\"og:image:width\" content=\"2500\" \/>\n\t<meta property=\"og:image:height\" content=\"2500\" \/>\n\t<meta property=\"og:image:type\" content=\"image\/jpeg\" \/>\n<meta name=\"twitter:card\" content=\"summary_large_image\" \/>\n<meta name=\"twitter:label1\" content=\"Gesch\u00e4tzte Lesezeit\" \/>\n\t<meta name=\"twitter:data1\" content=\"1\u00a0Minute\" \/>\n<script type=\"application\/ld+json\" class=\"yoast-schema-graph\">{\"@context\":\"https:\\\/\\\/schema.org\",\"@graph\":[{\"@type\":\"WebPage\",\"@id\":\"https:\\\/\\\/earmuffz.com\\\/de\\\/produkt\\\/premium-advanced\\\/\",\"url\":\"https:\\\/\\\/earmuffz.com\\\/de\\\/produkt\\\/premium-advanced\\\/\",\"name\":\"Premium Advanced - Earmuffz\",\"isPartOf\":{\"@id\":\"https:\\\/\\\/earmuffz.com\\\/#website\"},\"primaryImageOfPage\":{\"@id\":\"https:\\\/\\\/earmuffz.com\\\/de\\\/produkt\\\/premium-advanced\\\/#primaryimage\"},\"image\":{\"@id\":\"https:\\\/\\\/earmuffz.com\\\/de\\\/produkt\\\/premium-advanced\\\/#primaryimage\"},\"thumbnailUrl\":\"https:\\\/\\\/earmuffz.com\\\/wp-content\\\/uploads\\\/2026\\\/01\\\/Adventure-Advanced_Lapis_001-1-new.jpg\",\"datePublished\":\"2025-08-02T15:10:42+00:00\",\"dateModified\":\"2026-01-21T12:37:50+00:00\",\"breadcrumb\":{\"@id\":\"https:\\\/\\\/earmuffz.com\\\/de\\\/produkt\\\/premium-advanced\\\/#breadcrumb\"},\"inLanguage\":\"de\",\"potentialAction\":[{\"@type\":\"ReadAction\",\"target\":[\"https:\\\/\\\/earmuffz.com\\\/de\\\/produkt\\\/premium-advanced\\\/\"]}]},{\"@type\":\"ImageObject\",\"inLanguage\":\"de\",\"@id\":\"https:\\\/\\\/earmuffz.com\\\/de\\\/produkt\\\/premium-advanced\\\/#primaryimage\",\"url\":\"https:\\\/\\\/earmuffz.com\\\/wp-content\\\/uploads\\\/2026\\\/01\\\/Adventure-Advanced_Lapis_001-1-new.jpg\",\"contentUrl\":\"https:\\\/\\\/earmuffz.com\\\/wp-content\\\/uploads\\\/2026\\\/01\\\/Adventure-Advanced_Lapis_001-1-new.jpg\",\"width\":2500,\"height\":2500},{\"@type\":\"BreadcrumbList\",\"@id\":\"https:\\\/\\\/earmuffz.com\\\/de\\\/produkt\\\/premium-advanced\\\/#breadcrumb\",\"itemListElement\":[{\"@type\":\"ListItem\",\"position\":1,\"name\":\"Startseite\",\"item\":\"https:\\\/\\\/earmuffz.com\\\/de\\\/\"},{\"@type\":\"ListItem\",\"position\":2,\"name\":\"Products\",\"item\":\"https:\\\/\\\/earmuffz.com\\\/shop__trashed\\\/\"},{\"@type\":\"ListItem\",\"position\":3,\"name\":\"Premium Advanced\"}]},{\"@type\":\"WebSite\",\"@id\":\"https:\\\/\\\/earmuffz.com\\\/#website\",\"url\":\"https:\\\/\\\/earmuffz.com\\\/\",\"name\":\"Earmuffz\",\"description\":\"Hearing for life\",\"publisher\":{\"@id\":\"https:\\\/\\\/earmuffz.com\\\/#organization\"},\"potentialAction\":[{\"@type\":\"SearchAction\",\"target\":{\"@type\":\"EntryPoint\",\"urlTemplate\":\"https:\\\/\\\/earmuffz.com\\\/?s={search_term_string}\"},\"query-input\":{\"@type\":\"PropertyValueSpecification\",\"valueRequired\":true,\"valueName\":\"search_term_string\"}}],\"inLanguage\":\"de\"},{\"@type\":\"Organization\",\"@id\":\"https:\\\/\\\/earmuffz.com\\\/#organization\",\"name\":\"Earmuffz\",\"url\":\"https:\\\/\\\/earmuffz.com\\\/\",\"logo\":{\"@type\":\"ImageObject\",\"inLanguage\":\"de\",\"@id\":\"https:\\\/\\\/earmuffz.com\\\/#\\\/schema\\\/logo\\\/image\\\/\",\"url\":\"https:\\\/\\\/earmuffz.com\\\/wp-content\\\/uploads\\\/2025\\\/08\\\/Earmuffz-Earplugs-Logo.png\",\"contentUrl\":\"https:\\\/\\\/earmuffz.com\\\/wp-content\\\/uploads\\\/2025\\\/08\\\/Earmuffz-Earplugs-Logo.png\",\"width\":467,\"height\":150,\"caption\":\"Earmuffz\"},\"image\":{\"@id\":\"https:\\\/\\\/earmuffz.com\\\/#\\\/schema\\\/logo\\\/image\\\/\"}}]}<\/script>\n<!-- \/ Yoast SEO Premium plugin. -->","yoast_head_json":{"title":"Premium Advanced - Earmuffz","robots":{"index":"index","follow":"follow","max-snippet":"max-snippet:-1","max-image-preview":"max-image-preview:large","max-video-preview":"max-video-preview:-1"},"canonical":"https:\/\/earmuffz.com\/de\/produkt\/premium-advanced\/","og_locale":"de_DE","og_type":"article","og_title":"Premium Advanced","og_description":"Finde Ruhe im Chaos mit Earmuffz Ohrst\u00f6pseln, deiner L\u00f6sung f\u00fcr klarere Gespr\u00e4che und weniger Hintergrundger\u00e4usche, egal ob du pendelst, arbeitest oder dich mit Freunden triffst.","og_url":"https:\/\/earmuffz.com\/de\/produkt\/premium-advanced\/","og_site_name":"Earmuffz","article_modified_time":"2026-01-21T12:37:50+00:00","og_image":[{"width":2500,"height":2500,"url":"https:\/\/earmuffz.com\/wp-content\/uploads\/2026\/01\/Adventure-Advanced_Lapis_001-1-new.jpg","type":"image\/jpeg"}],"twitter_card":"summary_large_image","twitter_misc":{"Gesch\u00e4tzte Lesezeit":"1\u00a0Minute"},"schema":{"@context":"https:\/\/schema.org","@graph":[{"@type":"WebPage","@id":"https:\/\/earmuffz.com\/de\/produkt\/premium-advanced\/","url":"https:\/\/earmuffz.com\/de\/produkt\/premium-advanced\/","name":"Premium Advanced - Earmuffz","isPartOf":{"@id":"https:\/\/earmuffz.com\/#website"},"primaryImageOfPage":{"@id":"https:\/\/earmuffz.com\/de\/produkt\/premium-advanced\/#primaryimage"},"image":{"@id":"https:\/\/earmuffz.com\/de\/produkt\/premium-advanced\/#primaryimage"},"thumbnailUrl":"https:\/\/earmuffz.com\/wp-content\/uploads\/2026\/01\/Adventure-Advanced_Lapis_001-1-new.jpg","datePublished":"2025-08-02T15:10:42+00:00","dateModified":"2026-01-21T12:37:50+00:00","breadcrumb":{"@id":"https:\/\/earmuffz.com\/de\/produkt\/premium-advanced\/#breadcrumb"},"inLanguage":"de","potentialAction":[{"@type":"ReadAction","target":["https:\/\/earmuffz.com\/de\/produkt\/premium-advanced\/"]}]},{"@type":"ImageObject","inLanguage":"de","@id":"https:\/\/earmuffz.com\/de\/produkt\/premium-advanced\/#primaryimage","url":"https:\/\/earmuffz.com\/wp-content\/uploads\/2026\/01\/Adventure-Advanced_Lapis_001-1-new.jpg","contentUrl":"https:\/\/earmuffz.com\/wp-content\/uploads\/2026\/01\/Adventure-Advanced_Lapis_001-1-new.jpg","width":2500,"height":2500},{"@type":"BreadcrumbList","@id":"https:\/\/earmuffz.com\/de\/produkt\/premium-advanced\/#breadcrumb","itemListElement":[{"@type":"ListItem","position":1,"name":"Startseite","item":"https:\/\/earmuffz.com\/de\/"},{"@type":"ListItem","position":2,"name":"Products","item":"https:\/\/earmuffz.com\/shop__trashed\/"},{"@type":"ListItem","position":3,"name":"Premium Advanced"}]},{"@type":"WebSite","@id":"https:\/\/earmuffz.com\/#website","url":"https:\/\/earmuffz.com\/","name":"Earmuffz","description":"Hearing for life","publisher":{"@id":"https:\/\/earmuffz.com\/#organization"},"potentialAction":[{"@type":"SearchAction","target":{"@type":"EntryPoint","urlTemplate":"https:\/\/earmuffz.com\/?s={search_term_string}"},"query-input":{"@type":"PropertyValueSpecification","valueRequired":true,"valueName":"search_term_string"}}],"inLanguage":"de"},{"@type":"Organization","@id":"https:\/\/earmuffz.com\/#organization","name":"Earmuffz","url":"https:\/\/earmuffz.com\/","logo":{"@type":"ImageObject","inLanguage":"de","@id":"https:\/\/earmuffz.com\/#\/schema\/logo\/image\/","url":"https:\/\/earmuffz.com\/wp-content\/uploads\/2025\/08\/Earmuffz-Earplugs-Logo.png","contentUrl":"https:\/\/earmuffz.com\/wp-content\/uploads\/2025\/08\/Earmuffz-Earplugs-Logo.png","width":467,"height":150,"caption":"Earmuffz"},"image":{"@id":"https:\/\/earmuffz.com\/#\/schema\/logo\/image\/"}}]}},"_links":{"self":[{"href":"https:\/\/earmuffz.com\/de\/wp-json\/wp\/v2\/product\/9855","targetHints":{"allow":["GET"]}}],"collection":[{"href":"https:\/\/earmuffz.com\/de\/wp-json\/wp\/v2\/product"}],"about":[{"href":"https:\/\/earmuffz.com\/de\/wp-json\/wp\/v2\/types\/product"}],"replies":[{"embeddable":true,"href":"https:\/\/earmuffz.com\/de\/wp-json\/wp\/v2\/comments?post=9855"}],"wp:featuredmedia":[{"embeddable":true,"href":"https:\/\/earmuffz.com\/de\/wp-json\/wp\/v2\/media\/19944"}],"wp:attachment":[{"href":"https:\/\/earmuffz.com\/de\/wp-json\/wp\/v2\/media?parent=9855"}],"wp:term":[{"taxonomy":"product_brand","embeddable":true,"href":"https:\/\/earmuffz.com\/de\/wp-json\/wp\/v2\/product_brand?post=9855"},{"taxonomy":"product_cat","embeddable":true,"href":"https:\/\/earmuffz.com\/de\/wp-json\/wp\/v2\/product_cat?post=9855"},{"taxonomy":"product_tag","embeddable":true,"href":"https:\/\/earmuffz.com\/de\/wp-json\/wp\/v2\/product_tag?post=9855"}],"curies":[{"name":"wp","href":"https:\/\/api.w.org\/{rel}","templated":true}]}}