{"id":10400,"date":"2025-08-08T17:22:50","date_gmt":"2025-08-08T17:22:50","guid":{"rendered":"https:\/\/earmuffz.com\/product\/sleep-2\/"},"modified":"2026-02-04T05:46:18","modified_gmt":"2026-02-04T05:46:18","slug":"sleep-2","status":"publish","type":"product","link":"https:\/\/earmuffz.com\/da\/vare\/sleep-2\/","title":{"rendered":"Sleep"},"content":{"rendered":"<p class=\"ai-optimize-35 ai-optimize-introduction\"><strong>Smartere s\u00f8vn starter her<\/strong><\/p>\n<p class=\"ai-optimize-38 ai-optimize-introduction\">Oplev konstant stilhed med h\u00f8rev\u00e6rnenes dvaletilstand. Et niveau af p\u00e5lidelig beskyttelse p\u00e5 26 dB, perfekt til uafbrudt hvile. <\/p>\n<p class=\"ai-optimize-36\">\u25cf Komfortorienteret design til sidesovere<br \/>\n\u25cf Bl\u00f8d, ergonomisk pasform med dobbelt tip-muligheder<br \/>\n\u25cf Op til 26 dB st\u00f8jreduktion (SNR)<br \/>\n\u25cf Sikker og t\u00e6tsiddende pasform hele natten lang<br \/>\n\u25cf Genanvendelig og nem at reng\u00f8re<br \/>\n\u25cf Inkluderer etui for bekvemmelighed<br \/>\n\u25cf Bloker st\u00f8jen, ikke din komfort<\/p>\n","protected":false},"excerpt":{"rendered":"<p class=\"ai-optimize-49 ai-optimize-introduction\">Oplev konstant stilhed med h\u00f8rev\u00e6rnenes dvaletilstand. Et niveau af p\u00e5lidelig beskyttelse p\u00e5 26 dB, perfekt til uafbrudt hvile. <\/p>\n","protected":false},"featured_media":20000,"comment_status":"open","ping_status":"closed","template":"","meta":{"site-sidebar-layout":"default","site-content-layout":"","ast-site-content-layout":"default","site-content-style":"default","site-sidebar-style":"default","ast-global-header-display":"","ast-banner-title-visibility":"","ast-main-header-display":"","ast-hfb-above-header-display":"","ast-hfb-below-header-display":"","ast-hfb-mobile-header-display":"","site-post-title":"","ast-breadcrumbs-content":"","ast-featured-img":"","footer-sml-layout":"","ast-disable-related-posts":"","theme-transparent-header-meta":"default","adv-header-id-meta":"","stick-header-meta":"default","header-above-stick-meta":"","header-main-stick-meta":"","header-below-stick-meta":"","astra-migrate-meta-layouts":"set","ast-page-background-enabled":"default","ast-page-background-meta":{"desktop":{"background-color":"var(--ast-global-color-5)","background-image":"","background-repeat":"repeat","background-position":"center center","background-size":"auto","background-attachment":"scroll","background-type":"","background-media":"","overlay-type":"","overlay-color":"","overlay-opacity":"","overlay-gradient":""},"tablet":{"background-color":"","background-image":"","background-repeat":"repeat","background-position":"center center","background-size":"auto","background-attachment":"scroll","background-type":"","background-media":"","overlay-type":"","overlay-color":"","overlay-opacity":"","overlay-gradient":""},"mobile":{"background-color":"","background-image":"","background-repeat":"repeat","background-position":"center center","background-size":"auto","background-attachment":"scroll","background-type":"","background-media":"","overlay-type":"","overlay-color":"","overlay-opacity":"","overlay-gradient":""}},"ast-content-background-meta":{"desktop":{"background-color":"var(--ast-global-color-4)","background-image":"","background-repeat":"repeat","background-position":"center center","background-size":"auto","background-attachment":"scroll","background-type":"","background-media":"","overlay-type":"","overlay-color":"","overlay-opacity":"","overlay-gradient":""},"tablet":{"background-color":"var(--ast-global-color-4)","background-image":"","background-repeat":"repeat","background-position":"center center","background-size":"auto","background-attachment":"scroll","background-type":"","background-media":"","overlay-type":"","overlay-color":"","overlay-opacity":"","overlay-gradient":""},"mobile":{"background-color":"var(--ast-global-color-4)","background-image":"","background-repeat":"repeat","background-position":"center center","background-size":"auto","background-attachment":"scroll","background-type":"","background-media":"","overlay-type":"","overlay-color":"","overlay-opacity":"","overlay-gradient":""}}},"product_brand":[],"product_cat":[326],"product_tag":[],"class_list":{"0":"post-10400","1":"product","2":"type-product","3":"status-publish","4":"has-post-thumbnail","6":"product_cat-sleep","7":"desktop-align-center","8":"tablet-align-left","9":"mobile-align-left","10":"ast-product-gallery-layout-horizontal-slider","11":"ast-product-gallery-with-no-image","12":"ast-product-single-variable","13":"ast-product-tabs-layout-horizontal","15":"first","16":"instock","17":"taxable","18":"shipping-taxable","19":"purchasable","20":"product-type-variable","21":"has-default-attributes"},"gallery_images":[],"yoast_head":"<!-- This site is optimized with the Yoast SEO Premium plugin v25.2 (Yoast SEO v27.4) - https:\/\/yoast.com\/product\/yoast-seo-premium-wordpress\/ -->\n<title>Sleep - Earmuffz<\/title>\n<meta name=\"robots\" content=\"index, follow, max-snippet:-1, max-image-preview:large, max-video-preview:-1\" \/>\n<link rel=\"canonical\" href=\"https:\/\/earmuffz.com\/da\/vare\/sleep-2\/\" \/>\n<meta property=\"og:locale\" content=\"da_DK\" \/>\n<meta property=\"og:type\" content=\"article\" \/>\n<meta property=\"og:title\" content=\"Sleep\" \/>\n<meta property=\"og:description\" content=\"Oplev konstant stilhed med h\u00f8rev\u00e6rnenes dvaletilstand. Et niveau af p\u00e5lidelig beskyttelse p\u00e5 26 dB, perfekt til uafbrudt hvile.\" \/>\n<meta property=\"og:url\" content=\"https:\/\/earmuffz.com\/da\/vare\/sleep-2\/\" \/>\n<meta property=\"og:site_name\" content=\"Earmuffz\" \/>\n<meta property=\"article:modified_time\" content=\"2026-02-04T05:46:18+00:00\" \/>\n<meta property=\"og:image\" content=\"https:\/\/earmuffz.com\/wp-content\/uploads\/2026\/01\/Sleep_Snow_001.jpg\" \/>\n\t<meta property=\"og:image:width\" content=\"2500\" \/>\n\t<meta property=\"og:image:height\" content=\"2500\" \/>\n\t<meta property=\"og:image:type\" content=\"image\/jpeg\" \/>\n<meta name=\"twitter:card\" content=\"summary_large_image\" \/>\n<meta name=\"twitter:label1\" content=\"Estimeret l\u00e6setid\" \/>\n\t<meta name=\"twitter:data1\" content=\"1 minut\" \/>\n<script type=\"application\/ld+json\" class=\"yoast-schema-graph\">{\"@context\":\"https:\\\/\\\/schema.org\",\"@graph\":[{\"@type\":\"WebPage\",\"@id\":\"https:\\\/\\\/earmuffz.com\\\/da\\\/vare\\\/sleep-2\\\/\",\"url\":\"https:\\\/\\\/earmuffz.com\\\/da\\\/vare\\\/sleep-2\\\/\",\"name\":\"Sleep - Earmuffz\",\"isPartOf\":{\"@id\":\"https:\\\/\\\/earmuffz.com\\\/#website\"},\"primaryImageOfPage\":{\"@id\":\"https:\\\/\\\/earmuffz.com\\\/da\\\/vare\\\/sleep-2\\\/#primaryimage\"},\"image\":{\"@id\":\"https:\\\/\\\/earmuffz.com\\\/da\\\/vare\\\/sleep-2\\\/#primaryimage\"},\"thumbnailUrl\":\"https:\\\/\\\/earmuffz.com\\\/wp-content\\\/uploads\\\/2026\\\/01\\\/Sleep_Snow_001.jpg\",\"datePublished\":\"2025-08-08T17:22:50+00:00\",\"dateModified\":\"2026-02-04T05:46:18+00:00\",\"breadcrumb\":{\"@id\":\"https:\\\/\\\/earmuffz.com\\\/da\\\/vare\\\/sleep-2\\\/#breadcrumb\"},\"inLanguage\":\"da-DK\",\"potentialAction\":[{\"@type\":\"ReadAction\",\"target\":[\"https:\\\/\\\/earmuffz.com\\\/da\\\/vare\\\/sleep-2\\\/\"]}]},{\"@type\":\"ImageObject\",\"inLanguage\":\"da-DK\",\"@id\":\"https:\\\/\\\/earmuffz.com\\\/da\\\/vare\\\/sleep-2\\\/#primaryimage\",\"url\":\"https:\\\/\\\/earmuffz.com\\\/wp-content\\\/uploads\\\/2026\\\/01\\\/Sleep_Snow_001.jpg\",\"contentUrl\":\"https:\\\/\\\/earmuffz.com\\\/wp-content\\\/uploads\\\/2026\\\/01\\\/Sleep_Snow_001.jpg\",\"width\":2500,\"height\":2500},{\"@type\":\"BreadcrumbList\",\"@id\":\"https:\\\/\\\/earmuffz.com\\\/da\\\/vare\\\/sleep-2\\\/#breadcrumb\",\"itemListElement\":[{\"@type\":\"ListItem\",\"position\":1,\"name\":\"Hjem\",\"item\":\"https:\\\/\\\/earmuffz.com\\\/da\\\/\"},{\"@type\":\"ListItem\",\"position\":2,\"name\":\"Products\",\"item\":\"https:\\\/\\\/earmuffz.com\\\/shop__trashed\\\/\"},{\"@type\":\"ListItem\",\"position\":3,\"name\":\"Sleep\"}]},{\"@type\":\"WebSite\",\"@id\":\"https:\\\/\\\/earmuffz.com\\\/#website\",\"url\":\"https:\\\/\\\/earmuffz.com\\\/\",\"name\":\"Earmuffz\",\"description\":\"Hearing for life\",\"publisher\":{\"@id\":\"https:\\\/\\\/earmuffz.com\\\/#organization\"},\"potentialAction\":[{\"@type\":\"SearchAction\",\"target\":{\"@type\":\"EntryPoint\",\"urlTemplate\":\"https:\\\/\\\/earmuffz.com\\\/?s={search_term_string}\"},\"query-input\":{\"@type\":\"PropertyValueSpecification\",\"valueRequired\":true,\"valueName\":\"search_term_string\"}}],\"inLanguage\":\"da-DK\"},{\"@type\":\"Organization\",\"@id\":\"https:\\\/\\\/earmuffz.com\\\/#organization\",\"name\":\"Earmuffz\",\"url\":\"https:\\\/\\\/earmuffz.com\\\/\",\"logo\":{\"@type\":\"ImageObject\",\"inLanguage\":\"da-DK\",\"@id\":\"https:\\\/\\\/earmuffz.com\\\/#\\\/schema\\\/logo\\\/image\\\/\",\"url\":\"https:\\\/\\\/earmuffz.com\\\/wp-content\\\/uploads\\\/2025\\\/08\\\/Earmuffz-Earplugs-Logo.png\",\"contentUrl\":\"https:\\\/\\\/earmuffz.com\\\/wp-content\\\/uploads\\\/2025\\\/08\\\/Earmuffz-Earplugs-Logo.png\",\"width\":467,\"height\":150,\"caption\":\"Earmuffz\"},\"image\":{\"@id\":\"https:\\\/\\\/earmuffz.com\\\/#\\\/schema\\\/logo\\\/image\\\/\"}}]}<\/script>\n<!-- \/ Yoast SEO Premium plugin. -->","yoast_head_json":{"title":"Sleep - Earmuffz","robots":{"index":"index","follow":"follow","max-snippet":"max-snippet:-1","max-image-preview":"max-image-preview:large","max-video-preview":"max-video-preview:-1"},"canonical":"https:\/\/earmuffz.com\/da\/vare\/sleep-2\/","og_locale":"da_DK","og_type":"article","og_title":"Sleep","og_description":"Oplev konstant stilhed med h\u00f8rev\u00e6rnenes dvaletilstand. Et niveau af p\u00e5lidelig beskyttelse p\u00e5 26 dB, perfekt til uafbrudt hvile.","og_url":"https:\/\/earmuffz.com\/da\/vare\/sleep-2\/","og_site_name":"Earmuffz","article_modified_time":"2026-02-04T05:46:18+00:00","og_image":[{"width":2500,"height":2500,"url":"https:\/\/earmuffz.com\/wp-content\/uploads\/2026\/01\/Sleep_Snow_001.jpg","type":"image\/jpeg"}],"twitter_card":"summary_large_image","twitter_misc":{"Estimeret l\u00e6setid":"1 minut"},"schema":{"@context":"https:\/\/schema.org","@graph":[{"@type":"WebPage","@id":"https:\/\/earmuffz.com\/da\/vare\/sleep-2\/","url":"https:\/\/earmuffz.com\/da\/vare\/sleep-2\/","name":"Sleep - Earmuffz","isPartOf":{"@id":"https:\/\/earmuffz.com\/#website"},"primaryImageOfPage":{"@id":"https:\/\/earmuffz.com\/da\/vare\/sleep-2\/#primaryimage"},"image":{"@id":"https:\/\/earmuffz.com\/da\/vare\/sleep-2\/#primaryimage"},"thumbnailUrl":"https:\/\/earmuffz.com\/wp-content\/uploads\/2026\/01\/Sleep_Snow_001.jpg","datePublished":"2025-08-08T17:22:50+00:00","dateModified":"2026-02-04T05:46:18+00:00","breadcrumb":{"@id":"https:\/\/earmuffz.com\/da\/vare\/sleep-2\/#breadcrumb"},"inLanguage":"da-DK","potentialAction":[{"@type":"ReadAction","target":["https:\/\/earmuffz.com\/da\/vare\/sleep-2\/"]}]},{"@type":"ImageObject","inLanguage":"da-DK","@id":"https:\/\/earmuffz.com\/da\/vare\/sleep-2\/#primaryimage","url":"https:\/\/earmuffz.com\/wp-content\/uploads\/2026\/01\/Sleep_Snow_001.jpg","contentUrl":"https:\/\/earmuffz.com\/wp-content\/uploads\/2026\/01\/Sleep_Snow_001.jpg","width":2500,"height":2500},{"@type":"BreadcrumbList","@id":"https:\/\/earmuffz.com\/da\/vare\/sleep-2\/#breadcrumb","itemListElement":[{"@type":"ListItem","position":1,"name":"Hjem","item":"https:\/\/earmuffz.com\/da\/"},{"@type":"ListItem","position":2,"name":"Products","item":"https:\/\/earmuffz.com\/shop__trashed\/"},{"@type":"ListItem","position":3,"name":"Sleep"}]},{"@type":"WebSite","@id":"https:\/\/earmuffz.com\/#website","url":"https:\/\/earmuffz.com\/","name":"Earmuffz","description":"Hearing for life","publisher":{"@id":"https:\/\/earmuffz.com\/#organization"},"potentialAction":[{"@type":"SearchAction","target":{"@type":"EntryPoint","urlTemplate":"https:\/\/earmuffz.com\/?s={search_term_string}"},"query-input":{"@type":"PropertyValueSpecification","valueRequired":true,"valueName":"search_term_string"}}],"inLanguage":"da-DK"},{"@type":"Organization","@id":"https:\/\/earmuffz.com\/#organization","name":"Earmuffz","url":"https:\/\/earmuffz.com\/","logo":{"@type":"ImageObject","inLanguage":"da-DK","@id":"https:\/\/earmuffz.com\/#\/schema\/logo\/image\/","url":"https:\/\/earmuffz.com\/wp-content\/uploads\/2025\/08\/Earmuffz-Earplugs-Logo.png","contentUrl":"https:\/\/earmuffz.com\/wp-content\/uploads\/2025\/08\/Earmuffz-Earplugs-Logo.png","width":467,"height":150,"caption":"Earmuffz"},"image":{"@id":"https:\/\/earmuffz.com\/#\/schema\/logo\/image\/"}}]}},"_links":{"self":[{"href":"https:\/\/earmuffz.com\/da\/wp-json\/wp\/v2\/product\/10400","targetHints":{"allow":["GET"]}}],"collection":[{"href":"https:\/\/earmuffz.com\/da\/wp-json\/wp\/v2\/product"}],"about":[{"href":"https:\/\/earmuffz.com\/da\/wp-json\/wp\/v2\/types\/product"}],"replies":[{"embeddable":true,"href":"https:\/\/earmuffz.com\/da\/wp-json\/wp\/v2\/comments?post=10400"}],"wp:featuredmedia":[{"embeddable":true,"href":"https:\/\/earmuffz.com\/da\/wp-json\/wp\/v2\/media\/20000"}],"wp:attachment":[{"href":"https:\/\/earmuffz.com\/da\/wp-json\/wp\/v2\/media?parent=10400"}],"wp:term":[{"taxonomy":"product_brand","embeddable":true,"href":"https:\/\/earmuffz.com\/da\/wp-json\/wp\/v2\/product_brand?post=10400"},{"taxonomy":"product_cat","embeddable":true,"href":"https:\/\/earmuffz.com\/da\/wp-json\/wp\/v2\/product_cat?post=10400"},{"taxonomy":"product_tag","embeddable":true,"href":"https:\/\/earmuffz.com\/da\/wp-json\/wp\/v2\/product_tag?post=10400"}],"curies":[{"name":"wp","href":"https:\/\/api.w.org\/{rel}","templated":true}]}}