{"id":10362,"date":"2025-08-05T09:47:23","date_gmt":"2025-08-05T09:47:23","guid":{"rendered":"https:\/\/earmuffz.com\/product\/klassisk-komplet\/"},"modified":"2026-01-21T11:08:13","modified_gmt":"2026-01-21T11:08:13","slug":"klassisk-komplet","status":"publish","type":"product","link":"https:\/\/earmuffz.com\/da\/vare\/klassisk-komplet\/","title":{"rendered":"Classic Complete"},"content":{"rendered":"<p class=\"ai-optimize-43 ai-optimize-introduction\"><strong>Stem ind uden at stemme ud<\/strong><br \/>\nFind ro i kaosset med Earmuffz \u00f8repropper, din foretrukne l\u00f8sning til klarere<br \/>\nsamtaler og mindre baggrundsst\u00f8j, hvad enten du pendler, arbejder eller m\u00f8des med venner.<\/p>\n<p class=\"ai-optimize-45\">Adventure Complete \u00f8repropper tilbyder fire forskellige niveauer af st\u00f8jreduktion: 15, 20, 21 og 24 dB (SNR).<br \/>\nAfh\u00e6ngigt af om den aftagelige audio st\u00f8jboks er indsat og hvilken luftstr\u00f8msindstilling der er valgt.<br \/>\nDette lader dig tilpasse dig skiftende milj\u00f8er uden at fjerne dine \u00f8repropper.<\/p>\n<p class=\"ai-optimize-44\"><strong>\u25cf Balanceret st\u00f8jfiltrering<\/strong><br \/>\nReducerer omgivende lyd med 15, 20, 21 og 24 dB (SNR) for at hj\u00e6lpe dig med at forblive fokuseret uden at f\u00f8le dig isoleret.<\/p>\n<p class=\"ai-optimize-45\"><strong>\u25cf Tale forbliver naturlig<\/strong><br \/>\nDesignet til at reducere st\u00f8j uden at forvr\u00e6nge stemmer eller skabe en \u201ctilstoppet\u201d fornemmelse.<\/p>\n<p class=\"ai-optimize-46\"><strong>\u25cf Perfektionerede tilpasningsmuligheder<\/strong><br \/>\nInkluderer 4 opgraderede \u00f8reproppest\u00f8rrelser for at passe komfortabelt til dine \u00f8rer, selv de mindre.<\/p>\n<p class=\"ai-optimize-47\"><strong>\u25cf Designet til at holde<\/strong><br \/>\nHoldbare, genanvendelige og nemme at reng\u00f8re til daglig brug.<\/p>\n<p class=\"ai-optimize-48\">\u25cf <strong>Opbevaring p\u00e5 farten<\/strong><br \/>\nLeveres med et kompakt etui til at holde dine \u00f8repropper sikre, uanset hvor du er.<\/p>\n<p class=\"ai-optimize-49\">\u25cf <strong>Certificeret beskyttelse<\/strong><br \/>\nHj\u00e6lper med at beskytte din h\u00f8relse mod skadelig st\u00f8j uden at afsk\u00e6re dig fra omverdenen.<br \/>\nBlok\u00e9r st\u00f8jen, ikke din komfort.<\/p>\n","protected":false},"excerpt":{"rendered":"<p class=\"ai-optimize-24 ai-optimize-introduction\">Find ro i kaosset med Earmuffz \u00f8repropper, din foretrukne l\u00f8sning til klarere samtaler og mindre baggrundsst\u00f8j, hvad enten du pendler, arbejder eller m\u00f8des med venner.<\/p>\n","protected":false},"featured_media":20541,"comment_status":"open","ping_status":"closed","template":"","meta":{"site-sidebar-layout":"default","site-content-layout":"","ast-site-content-layout":"default","site-content-style":"default","site-sidebar-style":"default","ast-global-header-display":"","ast-banner-title-visibility":"","ast-main-header-display":"","ast-hfb-above-header-display":"","ast-hfb-below-header-display":"","ast-hfb-mobile-header-display":"","site-post-title":"","ast-breadcrumbs-content":"","ast-featured-img":"","footer-sml-layout":"","ast-disable-related-posts":"","theme-transparent-header-meta":"default","adv-header-id-meta":"","stick-header-meta":"default","header-above-stick-meta":"","header-main-stick-meta":"","header-below-stick-meta":"","astra-migrate-meta-layouts":"set","ast-page-background-enabled":"default","ast-page-background-meta":{"desktop":{"background-color":"var(--ast-global-color-5)","background-image":"","background-repeat":"repeat","background-position":"center center","background-size":"auto","background-attachment":"scroll","background-type":"","background-media":"","overlay-type":"","overlay-color":"","overlay-opacity":"","overlay-gradient":""},"tablet":{"background-color":"","background-image":"","background-repeat":"repeat","background-position":"center center","background-size":"auto","background-attachment":"scroll","background-type":"","background-media":"","overlay-type":"","overlay-color":"","overlay-opacity":"","overlay-gradient":""},"mobile":{"background-color":"","background-image":"","background-repeat":"repeat","background-position":"center center","background-size":"auto","background-attachment":"scroll","background-type":"","background-media":"","overlay-type":"","overlay-color":"","overlay-opacity":"","overlay-gradient":""}},"ast-content-background-meta":{"desktop":{"background-color":"var(--ast-global-color-4)","background-image":"","background-repeat":"repeat","background-position":"center center","background-size":"auto","background-attachment":"scroll","background-type":"","background-media":"","overlay-type":"","overlay-color":"","overlay-opacity":"","overlay-gradient":""},"tablet":{"background-color":"var(--ast-global-color-4)","background-image":"","background-repeat":"repeat","background-position":"center center","background-size":"auto","background-attachment":"scroll","background-type":"","background-media":"","overlay-type":"","overlay-color":"","overlay-opacity":"","overlay-gradient":""},"mobile":{"background-color":"var(--ast-global-color-4)","background-image":"","background-repeat":"repeat","background-position":"center center","background-size":"auto","background-attachment":"scroll","background-type":"","background-media":"","overlay-type":"","overlay-color":"","overlay-opacity":"","overlay-gradient":""}}},"product_brand":[],"product_cat":[451,450],"product_tag":[],"class_list":{"0":"post-10362","1":"product","2":"type-product","3":"status-publish","4":"has-post-thumbnail","6":"product_cat-classic","7":"product_cat-complete","8":"desktop-align-center","9":"tablet-align-left","10":"mobile-align-left","11":"ast-product-gallery-layout-horizontal-slider","12":"ast-product-gallery-with-no-image","13":"ast-product-single-variable","14":"ast-product-tabs-layout-horizontal","16":"first","17":"instock","18":"taxable","19":"shipping-taxable","20":"purchasable","21":"product-type-variable","22":"has-default-attributes"},"gallery_images":[],"yoast_head":"<!-- This site is optimized with the Yoast SEO Premium plugin v25.2 (Yoast SEO v27.4) - https:\/\/yoast.com\/product\/yoast-seo-premium-wordpress\/ -->\n<title>Classic Complete - Earmuffz<\/title>\n<meta name=\"robots\" content=\"index, follow, max-snippet:-1, max-image-preview:large, max-video-preview:-1\" \/>\n<link rel=\"canonical\" href=\"https:\/\/earmuffz.com\/da\/vare\/klassisk-komplet\/\" \/>\n<meta property=\"og:locale\" content=\"da_DK\" \/>\n<meta property=\"og:type\" content=\"article\" \/>\n<meta property=\"og:title\" content=\"Classic Complete\" \/>\n<meta property=\"og:description\" content=\"Find ro i kaosset med Earmuffz \u00f8repropper, din foretrukne l\u00f8sning til klarere samtaler og mindre baggrundsst\u00f8j, hvad enten du pendler, arbejder eller m\u00f8des med venner.\" \/>\n<meta property=\"og:url\" content=\"https:\/\/earmuffz.com\/da\/vare\/klassisk-komplet\/\" \/>\n<meta property=\"og:site_name\" content=\"Earmuffz\" \/>\n<meta property=\"article:modified_time\" content=\"2026-01-21T11:08:13+00:00\" \/>\n<meta property=\"og:image\" content=\"https:\/\/earmuffz.com\/wp-content\/uploads\/2026\/01\/Adventure-Complete_Brass_001.jpg\" \/>\n\t<meta property=\"og:image:width\" content=\"2500\" \/>\n\t<meta property=\"og:image:height\" content=\"2500\" \/>\n\t<meta property=\"og:image:type\" content=\"image\/jpeg\" \/>\n<meta name=\"twitter:card\" content=\"summary_large_image\" \/>\n<meta name=\"twitter:label1\" content=\"Estimeret l\u00e6setid\" \/>\n\t<meta name=\"twitter:data1\" content=\"2 minut\" \/>\n<script type=\"application\/ld+json\" class=\"yoast-schema-graph\">{\"@context\":\"https:\\\/\\\/schema.org\",\"@graph\":[{\"@type\":\"WebPage\",\"@id\":\"https:\\\/\\\/earmuffz.com\\\/da\\\/vare\\\/klassisk-komplet\\\/\",\"url\":\"https:\\\/\\\/earmuffz.com\\\/da\\\/vare\\\/klassisk-komplet\\\/\",\"name\":\"Classic Complete - Earmuffz\",\"isPartOf\":{\"@id\":\"https:\\\/\\\/earmuffz.com\\\/#website\"},\"primaryImageOfPage\":{\"@id\":\"https:\\\/\\\/earmuffz.com\\\/da\\\/vare\\\/klassisk-komplet\\\/#primaryimage\"},\"image\":{\"@id\":\"https:\\\/\\\/earmuffz.com\\\/da\\\/vare\\\/klassisk-komplet\\\/#primaryimage\"},\"thumbnailUrl\":\"https:\\\/\\\/earmuffz.com\\\/wp-content\\\/uploads\\\/2026\\\/01\\\/Adventure-Complete_Brass_001.jpg\",\"datePublished\":\"2025-08-05T09:47:23+00:00\",\"dateModified\":\"2026-01-21T11:08:13+00:00\",\"breadcrumb\":{\"@id\":\"https:\\\/\\\/earmuffz.com\\\/da\\\/vare\\\/klassisk-komplet\\\/#breadcrumb\"},\"inLanguage\":\"da-DK\",\"potentialAction\":[{\"@type\":\"ReadAction\",\"target\":[\"https:\\\/\\\/earmuffz.com\\\/da\\\/vare\\\/klassisk-komplet\\\/\"]}]},{\"@type\":\"ImageObject\",\"inLanguage\":\"da-DK\",\"@id\":\"https:\\\/\\\/earmuffz.com\\\/da\\\/vare\\\/klassisk-komplet\\\/#primaryimage\",\"url\":\"https:\\\/\\\/earmuffz.com\\\/wp-content\\\/uploads\\\/2026\\\/01\\\/Adventure-Complete_Brass_001.jpg\",\"contentUrl\":\"https:\\\/\\\/earmuffz.com\\\/wp-content\\\/uploads\\\/2026\\\/01\\\/Adventure-Complete_Brass_001.jpg\",\"width\":2500,\"height\":2500},{\"@type\":\"BreadcrumbList\",\"@id\":\"https:\\\/\\\/earmuffz.com\\\/da\\\/vare\\\/klassisk-komplet\\\/#breadcrumb\",\"itemListElement\":[{\"@type\":\"ListItem\",\"position\":1,\"name\":\"Hjem\",\"item\":\"https:\\\/\\\/earmuffz.com\\\/da\\\/\"},{\"@type\":\"ListItem\",\"position\":2,\"name\":\"Products\",\"item\":\"https:\\\/\\\/earmuffz.com\\\/shop__trashed\\\/\"},{\"@type\":\"ListItem\",\"position\":3,\"name\":\"Classic Complete\"}]},{\"@type\":\"WebSite\",\"@id\":\"https:\\\/\\\/earmuffz.com\\\/#website\",\"url\":\"https:\\\/\\\/earmuffz.com\\\/\",\"name\":\"Earmuffz\",\"description\":\"Hearing for life\",\"publisher\":{\"@id\":\"https:\\\/\\\/earmuffz.com\\\/#organization\"},\"potentialAction\":[{\"@type\":\"SearchAction\",\"target\":{\"@type\":\"EntryPoint\",\"urlTemplate\":\"https:\\\/\\\/earmuffz.com\\\/?s={search_term_string}\"},\"query-input\":{\"@type\":\"PropertyValueSpecification\",\"valueRequired\":true,\"valueName\":\"search_term_string\"}}],\"inLanguage\":\"da-DK\"},{\"@type\":\"Organization\",\"@id\":\"https:\\\/\\\/earmuffz.com\\\/#organization\",\"name\":\"Earmuffz\",\"url\":\"https:\\\/\\\/earmuffz.com\\\/\",\"logo\":{\"@type\":\"ImageObject\",\"inLanguage\":\"da-DK\",\"@id\":\"https:\\\/\\\/earmuffz.com\\\/#\\\/schema\\\/logo\\\/image\\\/\",\"url\":\"https:\\\/\\\/earmuffz.com\\\/wp-content\\\/uploads\\\/2025\\\/08\\\/Earmuffz-Earplugs-Logo.png\",\"contentUrl\":\"https:\\\/\\\/earmuffz.com\\\/wp-content\\\/uploads\\\/2025\\\/08\\\/Earmuffz-Earplugs-Logo.png\",\"width\":467,\"height\":150,\"caption\":\"Earmuffz\"},\"image\":{\"@id\":\"https:\\\/\\\/earmuffz.com\\\/#\\\/schema\\\/logo\\\/image\\\/\"}}]}<\/script>\n<!-- \/ Yoast SEO Premium plugin. -->","yoast_head_json":{"title":"Classic Complete - Earmuffz","robots":{"index":"index","follow":"follow","max-snippet":"max-snippet:-1","max-image-preview":"max-image-preview:large","max-video-preview":"max-video-preview:-1"},"canonical":"https:\/\/earmuffz.com\/da\/vare\/klassisk-komplet\/","og_locale":"da_DK","og_type":"article","og_title":"Classic Complete","og_description":"Find ro i kaosset med Earmuffz \u00f8repropper, din foretrukne l\u00f8sning til klarere samtaler og mindre baggrundsst\u00f8j, hvad enten du pendler, arbejder eller m\u00f8des med venner.","og_url":"https:\/\/earmuffz.com\/da\/vare\/klassisk-komplet\/","og_site_name":"Earmuffz","article_modified_time":"2026-01-21T11:08:13+00:00","og_image":[{"width":2500,"height":2500,"url":"https:\/\/earmuffz.com\/wp-content\/uploads\/2026\/01\/Adventure-Complete_Brass_001.jpg","type":"image\/jpeg"}],"twitter_card":"summary_large_image","twitter_misc":{"Estimeret l\u00e6setid":"2 minut"},"schema":{"@context":"https:\/\/schema.org","@graph":[{"@type":"WebPage","@id":"https:\/\/earmuffz.com\/da\/vare\/klassisk-komplet\/","url":"https:\/\/earmuffz.com\/da\/vare\/klassisk-komplet\/","name":"Classic Complete - Earmuffz","isPartOf":{"@id":"https:\/\/earmuffz.com\/#website"},"primaryImageOfPage":{"@id":"https:\/\/earmuffz.com\/da\/vare\/klassisk-komplet\/#primaryimage"},"image":{"@id":"https:\/\/earmuffz.com\/da\/vare\/klassisk-komplet\/#primaryimage"},"thumbnailUrl":"https:\/\/earmuffz.com\/wp-content\/uploads\/2026\/01\/Adventure-Complete_Brass_001.jpg","datePublished":"2025-08-05T09:47:23+00:00","dateModified":"2026-01-21T11:08:13+00:00","breadcrumb":{"@id":"https:\/\/earmuffz.com\/da\/vare\/klassisk-komplet\/#breadcrumb"},"inLanguage":"da-DK","potentialAction":[{"@type":"ReadAction","target":["https:\/\/earmuffz.com\/da\/vare\/klassisk-komplet\/"]}]},{"@type":"ImageObject","inLanguage":"da-DK","@id":"https:\/\/earmuffz.com\/da\/vare\/klassisk-komplet\/#primaryimage","url":"https:\/\/earmuffz.com\/wp-content\/uploads\/2026\/01\/Adventure-Complete_Brass_001.jpg","contentUrl":"https:\/\/earmuffz.com\/wp-content\/uploads\/2026\/01\/Adventure-Complete_Brass_001.jpg","width":2500,"height":2500},{"@type":"BreadcrumbList","@id":"https:\/\/earmuffz.com\/da\/vare\/klassisk-komplet\/#breadcrumb","itemListElement":[{"@type":"ListItem","position":1,"name":"Hjem","item":"https:\/\/earmuffz.com\/da\/"},{"@type":"ListItem","position":2,"name":"Products","item":"https:\/\/earmuffz.com\/shop__trashed\/"},{"@type":"ListItem","position":3,"name":"Classic Complete"}]},{"@type":"WebSite","@id":"https:\/\/earmuffz.com\/#website","url":"https:\/\/earmuffz.com\/","name":"Earmuffz","description":"Hearing for life","publisher":{"@id":"https:\/\/earmuffz.com\/#organization"},"potentialAction":[{"@type":"SearchAction","target":{"@type":"EntryPoint","urlTemplate":"https:\/\/earmuffz.com\/?s={search_term_string}"},"query-input":{"@type":"PropertyValueSpecification","valueRequired":true,"valueName":"search_term_string"}}],"inLanguage":"da-DK"},{"@type":"Organization","@id":"https:\/\/earmuffz.com\/#organization","name":"Earmuffz","url":"https:\/\/earmuffz.com\/","logo":{"@type":"ImageObject","inLanguage":"da-DK","@id":"https:\/\/earmuffz.com\/#\/schema\/logo\/image\/","url":"https:\/\/earmuffz.com\/wp-content\/uploads\/2025\/08\/Earmuffz-Earplugs-Logo.png","contentUrl":"https:\/\/earmuffz.com\/wp-content\/uploads\/2025\/08\/Earmuffz-Earplugs-Logo.png","width":467,"height":150,"caption":"Earmuffz"},"image":{"@id":"https:\/\/earmuffz.com\/#\/schema\/logo\/image\/"}}]}},"_links":{"self":[{"href":"https:\/\/earmuffz.com\/da\/wp-json\/wp\/v2\/product\/10362","targetHints":{"allow":["GET"]}}],"collection":[{"href":"https:\/\/earmuffz.com\/da\/wp-json\/wp\/v2\/product"}],"about":[{"href":"https:\/\/earmuffz.com\/da\/wp-json\/wp\/v2\/types\/product"}],"replies":[{"embeddable":true,"href":"https:\/\/earmuffz.com\/da\/wp-json\/wp\/v2\/comments?post=10362"}],"wp:featuredmedia":[{"embeddable":true,"href":"https:\/\/earmuffz.com\/da\/wp-json\/wp\/v2\/media\/20541"}],"wp:attachment":[{"href":"https:\/\/earmuffz.com\/da\/wp-json\/wp\/v2\/media?parent=10362"}],"wp:term":[{"taxonomy":"product_brand","embeddable":true,"href":"https:\/\/earmuffz.com\/da\/wp-json\/wp\/v2\/product_brand?post=10362"},{"taxonomy":"product_cat","embeddable":true,"href":"https:\/\/earmuffz.com\/da\/wp-json\/wp\/v2\/product_cat?post=10362"},{"taxonomy":"product_tag","embeddable":true,"href":"https:\/\/earmuffz.com\/da\/wp-json\/wp\/v2\/product_tag?post=10362"}],"curies":[{"name":"wp","href":"https:\/\/api.w.org\/{rel}","templated":true}]}}