{"id":14146,"date":"2025-08-11T15:57:02","date_gmt":"2025-08-11T15:57:02","guid":{"rendered":"https:\/\/earmuffz.com\/spoergeskema\/"},"modified":"2026-02-04T07:34:30","modified_gmt":"2026-02-04T07:34:30","slug":"spoergeskema","status":"publish","type":"page","link":"https:\/\/earmuffz.com\/da\/spoergeskema\/","title":{"rendered":"Sp\u00f8rgeskema"},"content":{"rendered":"\t\t<div data-elementor-type=\"wp-page\" data-elementor-id=\"14146\" class=\"elementor elementor-14146 elementor-3784\" data-elementor-post-type=\"page\">\n\t\t\t\t<div class=\"elementor-element elementor-element-e692cd1 e-flex e-con-boxed e-con e-parent\" data-id=\"e692cd1\" data-element_type=\"container\" data-e-type=\"container\" data-settings=\"{&quot;ekit_has_onepagescroll_dot&quot;:&quot;yes&quot;}\">\n\t\t\t\t\t<div class=\"e-con-inner\">\n\t\t\t\t<div class=\"elementor-element elementor-element-3a9cfcc elementor-widget elementor-widget-heading\" data-id=\"3a9cfcc\" data-element_type=\"widget\" data-e-type=\"widget\" data-settings=\"{&quot;ekit_we_effect_on&quot;:&quot;none&quot;}\" data-widget_type=\"heading.default\">\n\t\t\t\t\t\t<div class=\"elementor-widget-container\">\n\t\t\t\t\t<h2 class=\"elementor-heading-title elementor-size-default\">Fort\u00e6l os hvordan du vil bruge dine Earmuffz<\/h2>\t\t\t\t<\/div>\n\t\t\t\t<\/div>\n\t\t\t\t<div class=\"elementor-element elementor-element-6d65e96 elementor-widget__width-initial elementor-widget elementor-widget-text-editor\" data-id=\"6d65e96\" data-element_type=\"widget\" data-e-type=\"widget\" data-settings=\"{&quot;ekit_we_effect_on&quot;:&quot;none&quot;}\" data-widget_type=\"text-editor.default\">\n\t\t\t\t\t\t<div class=\"elementor-widget-container\">\n\t\t\t\t\t\t\t\t\t<p>Vi vil gerne vide, hvordan du planl\u00e6gger at bruge dine Earmuffz. Din feedback hj\u00e6lper os med at forbedre vores produkter og give bedre anbefalinger. <\/p>\t\t\t\t\t\t\t\t<\/div>\n\t\t\t\t<\/div>\n\t\t\t\t<div class=\"elementor-element elementor-element-fc5f775 elementor-widget__width-initial elementor-button-align-stretch elementor-widget elementor-widget-form\" data-id=\"fc5f775\" data-element_type=\"widget\" data-e-type=\"widget\" data-settings=\"{&quot;step_next_label&quot;:&quot;N\\u00e6ste&quot;,&quot;step_previous_label&quot;:&quot;Forrige&quot;,&quot;button_width&quot;:&quot;100&quot;,&quot;step_type&quot;:&quot;number_text&quot;,&quot;step_icon_shape&quot;:&quot;circle&quot;,&quot;ekit_we_effect_on&quot;:&quot;none&quot;}\" data-widget_type=\"form.default\">\n\t\t\t\t\t\t<div class=\"elementor-widget-container\">\n\t\t\t\t\t\t\t<form class=\"elementor-form\" method=\"post\" name=\"Ny formular\" aria-label=\"Ny formular\">\n\t\t\t<input type=\"hidden\" name=\"post_id\" value=\"14146\"\/>\n\t\t\t<input type=\"hidden\" name=\"form_id\" value=\"fc5f775\"\/>\n\t\t\t<input type=\"hidden\" name=\"referer_title\" value=\"Sp\u00f8rgeskema - Earmuffz\" \/>\n\n\t\t\t\t\t\t\t<input type=\"hidden\" name=\"queried_id\" value=\"14146\"\/>\n\t\t\t\n\t\t\t<div class=\"elementor-form-fields-wrapper elementor-labels-\">\n\t\t\t\t\t\t\t\t<div class=\"elementor-field-type-text elementor-field-group elementor-column elementor-field-group-name elementor-col-100 elementor-field-required\">\n\t\t\t\t\t\t\t\t\t\t\t\t<label for=\"form-field-name\" class=\"elementor-field-label elementor-screen-only\">\n\t\t\t\t\t\t\t\tNavn\t\t\t\t\t\t\t<\/label>\n\t\t\t\t\t\t\t\t\t\t\t\t\t\t<input size=\"1\" type=\"text\" name=\"form_fields[name]\" id=\"form-field-name\" class=\"elementor-field elementor-size-md  elementor-field-textual\" placeholder=\"Navn\" required=\"required\">\n\t\t\t\t\t\t\t\t\t\t\t<\/div>\n\t\t\t\t\t\t\t\t<div class=\"elementor-field-type-email elementor-field-group elementor-column elementor-field-group-email elementor-col-100 elementor-field-required\">\n\t\t\t\t\t\t\t\t\t\t\t\t<label for=\"form-field-email\" class=\"elementor-field-label elementor-screen-only\">\n\t\t\t\t\t\t\t\tE-mail\t\t\t\t\t\t\t<\/label>\n\t\t\t\t\t\t\t\t\t\t\t\t\t\t<input size=\"1\" type=\"email\" name=\"form_fields[email]\" id=\"form-field-email\" class=\"elementor-field elementor-size-md  elementor-field-textual\" placeholder=\"E-mail\" required=\"required\">\n\t\t\t\t\t\t\t\t\t\t\t<\/div>\n\t\t\t\t\t\t\t\t<div class=\"elementor-field-type-textarea elementor-field-group elementor-column elementor-field-group-field_8513222 elementor-col-100 elementor-field-required\">\n\t\t\t\t\t<textarea class=\"elementor-field-textual elementor-field  elementor-size-md\" name=\"form_fields[field_8513222]\" id=\"form-field-field_8513222\" rows=\"4\" placeholder=\"Fort\u00e6l os, hvad du har t\u00e6nkt dig at bruge earmuffz til\" required=\"required\"><\/textarea>\t\t\t\t<\/div>\n\t\t\t\t\t\t\t\t<div class=\"elementor-field-group elementor-column elementor-field-type-submit elementor-col-100 e-form__buttons\">\n\t\t\t\t\t<button class=\"elementor-button elementor-size-sm\" type=\"submit\">\n\t\t\t\t\t\t<span class=\"elementor-button-content-wrapper\">\n\t\t\t\t\t\t\t\t\t\t\t\t\t\t\t\t\t\t\t\t\t\t<span class=\"elementor-button-text\">Send<\/span>\n\t\t\t\t\t\t\t\t\t\t\t\t\t<\/span>\n\t\t\t\t\t<\/button>\n\t\t\t\t<\/div>\n\t\t\t<\/div>\n\t\t<\/form>\n\t\t\t\t\t\t<\/div>\n\t\t\t\t<\/div>\n\t\t\t\t\t<\/div>\n\t\t\t\t<\/div>\n\t\t\t\t<\/div>\n\t\t","protected":false},"excerpt":{"rendered":"<p>Fort\u00e6l os hvordan du vil bruge dine Earmuffz Vi vil gerne vide, hvordan du planl\u00e6gger at bruge dine Earmuffz. Din [&hellip;]<\/p>\n","protected":false},"author":3,"featured_media":0,"parent":0,"menu_order":0,"comment_status":"closed","ping_status":"closed","template":"","meta":{"site-sidebar-layout":"no-sidebar","site-content-layout":"","ast-site-content-layout":"full-width-container","site-content-style":"default","site-sidebar-style":"default","ast-global-header-display":"","ast-banner-title-visibility":"","ast-main-header-display":"","ast-hfb-above-header-display":"","ast-hfb-below-header-display":"","ast-hfb-mobile-header-display":"","site-post-title":"disabled","ast-breadcrumbs-content":"","ast-featured-img":"disabled","footer-sml-layout":"","ast-disable-related-posts":"","theme-transparent-header-meta":"","adv-header-id-meta":"","stick-header-meta":"","header-above-stick-meta":"","header-main-stick-meta":"","header-below-stick-meta":"","astra-migrate-meta-layouts":"default","ast-page-background-enabled":"default","ast-page-background-meta":{"desktop":{"background-color":"var(--ast-global-color-5)","background-image":"","background-repeat":"repeat","background-position":"center center","background-size":"auto","background-attachment":"scroll","background-type":"","background-media":"","overlay-type":"","overlay-color":"","overlay-opacity":"","overlay-gradient":""},"tablet":{"background-color":"","background-image":"","background-repeat":"repeat","background-position":"center center","background-size":"auto","background-attachment":"scroll","background-type":"","background-media":"","overlay-type":"","overlay-color":"","overlay-opacity":"","overlay-gradient":""},"mobile":{"background-color":"","background-image":"","background-repeat":"repeat","background-position":"center center","background-size":"auto","background-attachment":"scroll","background-type":"","background-media":"","overlay-type":"","overlay-color":"","overlay-opacity":"","overlay-gradient":""}},"ast-content-background-meta":{"desktop":{"background-color":"var(--ast-global-color-4)","background-image":"","background-repeat":"repeat","background-position":"center center","background-size":"auto","background-attachment":"scroll","background-type":"","background-media":"","overlay-type":"","overlay-color":"","overlay-opacity":"","overlay-gradient":""},"tablet":{"background-color":"var(--ast-global-color-4)","background-image":"","background-repeat":"repeat","background-position":"center center","background-size":"auto","background-attachment":"scroll","background-type":"","background-media":"","overlay-type":"","overlay-color":"","overlay-opacity":"","overlay-gradient":""},"mobile":{"background-color":"var(--ast-global-color-4)","background-image":"","background-repeat":"repeat","background-position":"center center","background-size":"auto","background-attachment":"scroll","background-type":"","background-media":"","overlay-type":"","overlay-color":"","overlay-opacity":"","overlay-gradient":""}},"footnotes":""},"class_list":["post-14146","page","type-page","status-publish","hentry"],"yoast_head":"<!-- This site is optimized with the Yoast SEO Premium plugin v25.2 (Yoast SEO v27.4) - https:\/\/yoast.com\/product\/yoast-seo-premium-wordpress\/ -->\n<title>Sp\u00f8rgeskema - Earmuffz<\/title>\n<meta name=\"robots\" content=\"index, follow, max-snippet:-1, max-image-preview:large, max-video-preview:-1\" \/>\n<link rel=\"canonical\" href=\"https:\/\/earmuffz.com\/quiz-form\/\" \/>\n<meta property=\"og:locale\" content=\"da_DK\" \/>\n<meta property=\"og:type\" content=\"article\" \/>\n<meta property=\"og:title\" content=\"Sp\u00f8rgeskema\" \/>\n<meta property=\"og:description\" content=\"Fort\u00e6l os hvordan du vil bruge dine Earmuffz Vi vil gerne vide, hvordan du planl\u00e6gger at bruge dine Earmuffz. Din [&hellip;]\" \/>\n<meta property=\"og:url\" content=\"https:\/\/earmuffz.com\/quiz-form\/\" \/>\n<meta property=\"og:site_name\" content=\"Earmuffz\" \/>\n<meta property=\"article:modified_time\" content=\"2026-02-04T07:34:30+00:00\" \/>\n<meta name=\"twitter:card\" content=\"summary_large_image\" \/>\n<script type=\"application\/ld+json\" class=\"yoast-schema-graph\">{\"@context\":\"https:\\\/\\\/schema.org\",\"@graph\":[{\"@type\":\"WebPage\",\"@id\":\"https:\\\/\\\/earmuffz.com\\\/quiz-form\\\/\",\"url\":\"https:\\\/\\\/earmuffz.com\\\/quiz-form\\\/\",\"name\":\"Sp\u00f8rgeskema - Earmuffz\",\"isPartOf\":{\"@id\":\"https:\\\/\\\/earmuffz.com\\\/#website\"},\"datePublished\":\"2025-08-11T15:57:02+00:00\",\"dateModified\":\"2026-02-04T07:34:30+00:00\",\"breadcrumb\":{\"@id\":\"https:\\\/\\\/earmuffz.com\\\/quiz-form\\\/#breadcrumb\"},\"inLanguage\":\"da-DK\",\"potentialAction\":[{\"@type\":\"ReadAction\",\"target\":[\"https:\\\/\\\/earmuffz.com\\\/quiz-form\\\/\"]}]},{\"@type\":\"BreadcrumbList\",\"@id\":\"https:\\\/\\\/earmuffz.com\\\/quiz-form\\\/#breadcrumb\",\"itemListElement\":[{\"@type\":\"ListItem\",\"position\":1,\"name\":\"Hjem\",\"item\":\"https:\\\/\\\/earmuffz.com\\\/da\\\/\"},{\"@type\":\"ListItem\",\"position\":2,\"name\":\"Sp\u00f8rgeskema\"}]},{\"@type\":\"WebSite\",\"@id\":\"https:\\\/\\\/earmuffz.com\\\/#website\",\"url\":\"https:\\\/\\\/earmuffz.com\\\/\",\"name\":\"Earmuffz\",\"description\":\"Hearing for life\",\"publisher\":{\"@id\":\"https:\\\/\\\/earmuffz.com\\\/#organization\"},\"potentialAction\":[{\"@type\":\"SearchAction\",\"target\":{\"@type\":\"EntryPoint\",\"urlTemplate\":\"https:\\\/\\\/earmuffz.com\\\/?s={search_term_string}\"},\"query-input\":{\"@type\":\"PropertyValueSpecification\",\"valueRequired\":true,\"valueName\":\"search_term_string\"}}],\"inLanguage\":\"da-DK\"},{\"@type\":\"Organization\",\"@id\":\"https:\\\/\\\/earmuffz.com\\\/#organization\",\"name\":\"Earmuffz\",\"url\":\"https:\\\/\\\/earmuffz.com\\\/\",\"logo\":{\"@type\":\"ImageObject\",\"inLanguage\":\"da-DK\",\"@id\":\"https:\\\/\\\/earmuffz.com\\\/#\\\/schema\\\/logo\\\/image\\\/\",\"url\":\"https:\\\/\\\/earmuffz.com\\\/wp-content\\\/uploads\\\/2025\\\/08\\\/Earmuffz-Earplugs-Logo.png\",\"contentUrl\":\"https:\\\/\\\/earmuffz.com\\\/wp-content\\\/uploads\\\/2025\\\/08\\\/Earmuffz-Earplugs-Logo.png\",\"width\":467,\"height\":150,\"caption\":\"Earmuffz\"},\"image\":{\"@id\":\"https:\\\/\\\/earmuffz.com\\\/#\\\/schema\\\/logo\\\/image\\\/\"}}]}<\/script>\n<!-- \/ Yoast SEO Premium plugin. -->","yoast_head_json":{"title":"Sp\u00f8rgeskema - Earmuffz","robots":{"index":"index","follow":"follow","max-snippet":"max-snippet:-1","max-image-preview":"max-image-preview:large","max-video-preview":"max-video-preview:-1"},"canonical":"https:\/\/earmuffz.com\/quiz-form\/","og_locale":"da_DK","og_type":"article","og_title":"Sp\u00f8rgeskema","og_description":"Fort\u00e6l os hvordan du vil bruge dine Earmuffz Vi vil gerne vide, hvordan du planl\u00e6gger at bruge dine Earmuffz. Din [&hellip;]","og_url":"https:\/\/earmuffz.com\/quiz-form\/","og_site_name":"Earmuffz","article_modified_time":"2026-02-04T07:34:30+00:00","twitter_card":"summary_large_image","schema":{"@context":"https:\/\/schema.org","@graph":[{"@type":"WebPage","@id":"https:\/\/earmuffz.com\/quiz-form\/","url":"https:\/\/earmuffz.com\/quiz-form\/","name":"Sp\u00f8rgeskema - Earmuffz","isPartOf":{"@id":"https:\/\/earmuffz.com\/#website"},"datePublished":"2025-08-11T15:57:02+00:00","dateModified":"2026-02-04T07:34:30+00:00","breadcrumb":{"@id":"https:\/\/earmuffz.com\/quiz-form\/#breadcrumb"},"inLanguage":"da-DK","potentialAction":[{"@type":"ReadAction","target":["https:\/\/earmuffz.com\/quiz-form\/"]}]},{"@type":"BreadcrumbList","@id":"https:\/\/earmuffz.com\/quiz-form\/#breadcrumb","itemListElement":[{"@type":"ListItem","position":1,"name":"Hjem","item":"https:\/\/earmuffz.com\/da\/"},{"@type":"ListItem","position":2,"name":"Sp\u00f8rgeskema"}]},{"@type":"WebSite","@id":"https:\/\/earmuffz.com\/#website","url":"https:\/\/earmuffz.com\/","name":"Earmuffz","description":"Hearing for life","publisher":{"@id":"https:\/\/earmuffz.com\/#organization"},"potentialAction":[{"@type":"SearchAction","target":{"@type":"EntryPoint","urlTemplate":"https:\/\/earmuffz.com\/?s={search_term_string}"},"query-input":{"@type":"PropertyValueSpecification","valueRequired":true,"valueName":"search_term_string"}}],"inLanguage":"da-DK"},{"@type":"Organization","@id":"https:\/\/earmuffz.com\/#organization","name":"Earmuffz","url":"https:\/\/earmuffz.com\/","logo":{"@type":"ImageObject","inLanguage":"da-DK","@id":"https:\/\/earmuffz.com\/#\/schema\/logo\/image\/","url":"https:\/\/earmuffz.com\/wp-content\/uploads\/2025\/08\/Earmuffz-Earplugs-Logo.png","contentUrl":"https:\/\/earmuffz.com\/wp-content\/uploads\/2025\/08\/Earmuffz-Earplugs-Logo.png","width":467,"height":150,"caption":"Earmuffz"},"image":{"@id":"https:\/\/earmuffz.com\/#\/schema\/logo\/image\/"}}]}},"_links":{"self":[{"href":"https:\/\/earmuffz.com\/da\/wp-json\/wp\/v2\/pages\/14146","targetHints":{"allow":["GET"]}}],"collection":[{"href":"https:\/\/earmuffz.com\/da\/wp-json\/wp\/v2\/pages"}],"about":[{"href":"https:\/\/earmuffz.com\/da\/wp-json\/wp\/v2\/types\/page"}],"author":[{"embeddable":true,"href":"https:\/\/earmuffz.com\/da\/wp-json\/wp\/v2\/users\/3"}],"replies":[{"embeddable":true,"href":"https:\/\/earmuffz.com\/da\/wp-json\/wp\/v2\/comments?post=14146"}],"version-history":[{"count":5,"href":"https:\/\/earmuffz.com\/da\/wp-json\/wp\/v2\/pages\/14146\/revisions"}],"predecessor-version":[{"id":20058,"href":"https:\/\/earmuffz.com\/da\/wp-json\/wp\/v2\/pages\/14146\/revisions\/20058"}],"wp:attachment":[{"href":"https:\/\/earmuffz.com\/da\/wp-json\/wp\/v2\/media?parent=14146"}],"curies":[{"name":"wp","href":"https:\/\/api.w.org\/{rel}","templated":true}]}}